{"id":13114,"date":"2023-11-04T02:17:52","date_gmt":"2023-11-04T01:17:52","guid":{"rendered":"http:\/\/innocentiemangonipiante.it\/picea-omorika\/"},"modified":"2023-11-06T15:31:05","modified_gmt":"2023-11-06T14:31:05","slug":"picea-omorika","status":"publish","type":"product","link":"https:\/\/innocentiemangonipiante.it\/fr\/picea-omorika\/","title":{"rendered":"PICEA omorika"},"content":{"rendered":"<p>Il s&rsquo;agit d&rsquo;une esp\u00e8ce tr\u00e8s resistente aux basses temp\u00e9ratures avec aiguilles vert et gris argent\u00e9. Port conique. Il produit des c\u00f4nes pourpre fonc\u00e9 de 5\/6 cm.<\/p>\n","protected":false},"excerpt":{"rendered":"<p>Il s&rsquo;agit d&rsquo;une esp\u00e8ce tr\u00e8s resistente aux basses temp\u00e9ratures avec aiguilles vert et gris argent\u00e9. Port conique. Il produit des c\u00f4nes pourpre fonc\u00e9 de 5\/6 cm.<\/p>\n","protected":false},"featured_media":55814,"template":"","meta":{"_acf_changed":false},"product_brand":[],"product_cat":[8824],"product_tag":[10897],"class_list":{"0":"post-13114","1":"product","2":"type-product","3":"status-publish","4":"has-post-thumbnail","6":"product_cat-coniferes","7":"product_tag-naturelle","8":"pa_altezza-massima-15-metres","9":"pa_altezza-massima-25-metres","10":"pa_colore-delle-foglie-grises","11":"pa_colore-fioritura-violet-fr","12":"pa_condizionamento-clt-fr","13":"pa_famiglia-pinaceae-fr","14":"pa_genere-picea-fr","15":"pa_origine-serbie","16":"pa_portamento-conico-fr","17":"pa_resistenza-climatica-tres-elevee","18":"pa_utilizzo-parcs","19":"pa_utilizzo-petits-jardins","21":"first","22":"instock","23":"purchasable","24":"product-type-simple"},"acf":[],"_links":{"self":[{"href":"https:\/\/innocentiemangonipiante.it\/fr\/wp-json\/wp\/v2\/product\/13114","targetHints":{"allow":["GET"]}}],"collection":[{"href":"https:\/\/innocentiemangonipiante.it\/fr\/wp-json\/wp\/v2\/product"}],"about":[{"href":"https:\/\/innocentiemangonipiante.it\/fr\/wp-json\/wp\/v2\/types\/product"}],"wp:featuredmedia":[{"embeddable":true,"href":"https:\/\/innocentiemangonipiante.it\/fr\/wp-json\/wp\/v2\/media\/55814"}],"wp:attachment":[{"href":"https:\/\/innocentiemangonipiante.it\/fr\/wp-json\/wp\/v2\/media?parent=13114"}],"wp:term":[{"taxonomy":"product_brand","embeddable":true,"href":"https:\/\/innocentiemangonipiante.it\/fr\/wp-json\/wp\/v2\/product_brand?post=13114"},{"taxonomy":"product_cat","embeddable":true,"href":"https:\/\/innocentiemangonipiante.it\/fr\/wp-json\/wp\/v2\/product_cat?post=13114"},{"taxonomy":"product_tag","embeddable":true,"href":"https:\/\/innocentiemangonipiante.it\/fr\/wp-json\/wp\/v2\/product_tag?post=13114"}],"curies":[{"name":"wp","href":"https:\/\/api.w.org\/{rel}","templated":true}]}}