{"id":13115,"date":"2023-11-04T02:17:46","date_gmt":"2023-11-04T01:17:46","guid":{"rendered":"http:\/\/innocentiemangonipiante.it\/picea-glauca-conica\/"},"modified":"2023-11-06T15:31:02","modified_gmt":"2023-11-06T14:31:02","slug":"picea-glauca-conica","status":"publish","type":"product","link":"https:\/\/innocentiemangonipiante.it\/fr\/picea-glauca-conica\/","title":{"rendered":"PICEA glauca &lsquo;Conica&rsquo;"},"content":{"rendered":"<p>Conif\u00e8re au port conique, avec aiguilles quadrangulaires de couleur bleuvert, \u00e9largies sur les c\u00f4t\u00e9s par les jets. La croissance est lente, la plante est tr\u00e8s rustique mais sensible aux attaques de l\u2019araign\u00e9e rouge, surtout en cas de climats arides.<\/p>\n","protected":false},"excerpt":{"rendered":"<p>Conif\u00e8re au port conique, avec aiguilles quadrangulaires de couleur bleuvert, \u00e9largies sur les c\u00f4t\u00e9s par les jets. La croissance est lente, la plante est tr\u00e8s rustique mais sensible aux attaques de l\u2019araign\u00e9e rouge, surtout en cas de climats arides.<\/p>\n","protected":false},"featured_media":4495,"template":"","meta":{"_acf_changed":false},"product_brand":[],"product_cat":[8824],"product_tag":[10897],"class_list":{"0":"post-13115","1":"product","2":"type-product","3":"status-publish","4":"has-post-thumbnail","6":"product_cat-coniferes","7":"product_tag-naturelle","8":"pa_altezza-massima-200-fr","9":"pa_altezza-massima-300-fr-2","10":"pa_colore-delle-foglie-bleu","11":"pa_condizionamento-clt-fr","12":"pa_condizionamento-vs-fr","13":"pa_famiglia-pinaceae-fr","14":"pa_genere-picea-fr","15":"pa_origine-canada-fr","16":"pa_portamento-conico-fr","17":"pa_resistenza-climatica-tres-elevee","18":"pa_resistenza-del-suolo-resistant-aux-sols-calcaires","19":"pa_utilizzo-parcs","20":"pa_utilizzo-petits-jardins","22":"first","23":"instock","24":"purchasable","25":"product-type-simple"},"acf":[],"_links":{"self":[{"href":"https:\/\/innocentiemangonipiante.it\/fr\/wp-json\/wp\/v2\/product\/13115","targetHints":{"allow":["GET"]}}],"collection":[{"href":"https:\/\/innocentiemangonipiante.it\/fr\/wp-json\/wp\/v2\/product"}],"about":[{"href":"https:\/\/innocentiemangonipiante.it\/fr\/wp-json\/wp\/v2\/types\/product"}],"wp:featuredmedia":[{"embeddable":true,"href":"https:\/\/innocentiemangonipiante.it\/fr\/wp-json\/wp\/v2\/media\/4495"}],"wp:attachment":[{"href":"https:\/\/innocentiemangonipiante.it\/fr\/wp-json\/wp\/v2\/media?parent=13115"}],"wp:term":[{"taxonomy":"product_brand","embeddable":true,"href":"https:\/\/innocentiemangonipiante.it\/fr\/wp-json\/wp\/v2\/product_brand?post=13115"},{"taxonomy":"product_cat","embeddable":true,"href":"https:\/\/innocentiemangonipiante.it\/fr\/wp-json\/wp\/v2\/product_cat?post=13115"},{"taxonomy":"product_tag","embeddable":true,"href":"https:\/\/innocentiemangonipiante.it\/fr\/wp-json\/wp\/v2\/product_tag?post=13115"}],"curies":[{"name":"wp","href":"https:\/\/api.w.org\/{rel}","templated":true}]}}