{"id":13116,"date":"2023-11-04T02:17:40","date_gmt":"2023-11-04T01:17:40","guid":{"rendered":"http:\/\/innocentiemangonipiante.it\/picea-engelmannii-glauca\/"},"modified":"2023-11-06T15:31:00","modified_gmt":"2023-11-06T14:31:00","slug":"picea-engelmannii-glauca","status":"publish","type":"product","link":"https:\/\/innocentiemangonipiante.it\/fr\/picea-engelmannii-glauca\/","title":{"rendered":"PICEA engelmannii &lsquo;Glauca&rsquo;"},"content":{"rendered":"<p>Port \u00e9rig\u00e9, feuillage bleu, v\u00e9g\u00e9tation moyenne.<\/p>\n","protected":false},"excerpt":{"rendered":"<p>Port \u00e9rig\u00e9, feuillage bleu, v\u00e9g\u00e9tation moyenne.<\/p>\n","protected":false},"featured_media":4489,"template":"","meta":{"_acf_changed":false},"product_brand":[],"product_cat":[8824],"product_tag":[10897],"class_list":{"0":"post-13116","1":"product","2":"type-product","3":"status-publish","4":"has-post-thumbnail","6":"product_cat-coniferes","7":"product_tag-naturelle","8":"pa_altezza-massima-300-fr-2","9":"pa_altezza-massima-400-fr","10":"pa_colore-delle-foglie-bleu","11":"pa_famiglia-pinaceae-fr","12":"pa_genere-picea-fr","13":"pa_origine-origine-delle-piante-u-s-a","14":"pa_portamento-pleureur","15":"pa_resistenza-climatica-tres-elevee","16":"pa_utilizzo-petits-jardins","18":"first","19":"instock","20":"purchasable","21":"product-type-simple"},"acf":[],"_links":{"self":[{"href":"https:\/\/innocentiemangonipiante.it\/fr\/wp-json\/wp\/v2\/product\/13116","targetHints":{"allow":["GET"]}}],"collection":[{"href":"https:\/\/innocentiemangonipiante.it\/fr\/wp-json\/wp\/v2\/product"}],"about":[{"href":"https:\/\/innocentiemangonipiante.it\/fr\/wp-json\/wp\/v2\/types\/product"}],"wp:featuredmedia":[{"embeddable":true,"href":"https:\/\/innocentiemangonipiante.it\/fr\/wp-json\/wp\/v2\/media\/4489"}],"wp:attachment":[{"href":"https:\/\/innocentiemangonipiante.it\/fr\/wp-json\/wp\/v2\/media?parent=13116"}],"wp:term":[{"taxonomy":"product_brand","embeddable":true,"href":"https:\/\/innocentiemangonipiante.it\/fr\/wp-json\/wp\/v2\/product_brand?post=13116"},{"taxonomy":"product_cat","embeddable":true,"href":"https:\/\/innocentiemangonipiante.it\/fr\/wp-json\/wp\/v2\/product_cat?post=13116"},{"taxonomy":"product_tag","embeddable":true,"href":"https:\/\/innocentiemangonipiante.it\/fr\/wp-json\/wp\/v2\/product_tag?post=13116"}],"curies":[{"name":"wp","href":"https:\/\/api.w.org\/{rel}","templated":true}]}}