{"id":13117,"date":"2023-11-04T02:17:20","date_gmt":"2023-11-04T01:17:20","guid":{"rendered":"http:\/\/innocentiemangonipiante.it\/picea-abies-inversa\/"},"modified":"2023-11-06T15:30:53","modified_gmt":"2023-11-06T14:30:53","slug":"picea-abies-inversa","status":"publish","type":"product","link":"https:\/\/innocentiemangonipiante.it\/fr\/picea-abies-inversa\/","title":{"rendered":"PICEA abies &lsquo;Inversa&rsquo;"},"content":{"rendered":"<p>Croissance lente. Le port est irr\u00e9guli\u00e8rement \u00e9rig\u00e9 et pleureur. Adapte pour petits jardins.<\/p>\n","protected":false},"excerpt":{"rendered":"<p>Croissance lente. Le port est irr\u00e9guli\u00e8rement \u00e9rig\u00e9 et pleureur. Adapte pour petits jardins.<\/p>\n","protected":false},"featured_media":4483,"template":"","meta":{"_acf_changed":false},"product_brand":[],"product_cat":[8824],"product_tag":[10897],"class_list":{"0":"post-13117","1":"product","2":"type-product","3":"status-publish","4":"has-post-thumbnail","6":"product_cat-coniferes","7":"product_tag-naturelle","8":"pa_altezza-massima-600-fr","9":"pa_altezza-massima-900-fr","10":"pa_condizionamento-clt-fr","11":"pa_condizionamento-motte","12":"pa_famiglia-pinaceae-fr","13":"pa_genere-picea-fr","14":"pa_origine-norvege","15":"pa_portamento-pleureur","16":"pa_resistenza-climatica-tres-elevee","17":"pa_utilizzo-parcs","18":"pa_utilizzo-petits-jardins","20":"first","21":"instock","22":"purchasable","23":"product-type-simple"},"acf":[],"_links":{"self":[{"href":"https:\/\/innocentiemangonipiante.it\/fr\/wp-json\/wp\/v2\/product\/13117","targetHints":{"allow":["GET"]}}],"collection":[{"href":"https:\/\/innocentiemangonipiante.it\/fr\/wp-json\/wp\/v2\/product"}],"about":[{"href":"https:\/\/innocentiemangonipiante.it\/fr\/wp-json\/wp\/v2\/types\/product"}],"wp:featuredmedia":[{"embeddable":true,"href":"https:\/\/innocentiemangonipiante.it\/fr\/wp-json\/wp\/v2\/media\/4483"}],"wp:attachment":[{"href":"https:\/\/innocentiemangonipiante.it\/fr\/wp-json\/wp\/v2\/media?parent=13117"}],"wp:term":[{"taxonomy":"product_brand","embeddable":true,"href":"https:\/\/innocentiemangonipiante.it\/fr\/wp-json\/wp\/v2\/product_brand?post=13117"},{"taxonomy":"product_cat","embeddable":true,"href":"https:\/\/innocentiemangonipiante.it\/fr\/wp-json\/wp\/v2\/product_cat?post=13117"},{"taxonomy":"product_tag","embeddable":true,"href":"https:\/\/innocentiemangonipiante.it\/fr\/wp-json\/wp\/v2\/product_tag?post=13117"}],"curies":[{"name":"wp","href":"https:\/\/api.w.org\/{rel}","templated":true}]}}