{"id":13119,"date":"2023-11-04T02:17:00","date_gmt":"2023-11-04T01:17:00","guid":{"rendered":"http:\/\/innocentiemangonipiante.it\/picea-abies\/"},"modified":"2023-11-06T15:30:45","modified_gmt":"2023-11-06T14:30:45","slug":"picea-abies","status":"publish","type":"product","link":"https:\/\/innocentiemangonipiante.it\/fr\/picea-abies\/","title":{"rendered":"PICEA abies"},"content":{"rendered":"<p>\u201cSapin de No\u00ebl\u201d. Conif\u00e8re de forme conique avec \u00e9corce de couleur rouge-marron et aiguilles quadrangulaires vert fonc\u00e9es d\u2019une longueur de 2,5 cm. Donne des c\u00f4nes femelles cylindriques verts, puis marron. Utilis\u00e9 d\u2019ordinaire comme arbre de No\u00ebl.<\/p>\n","protected":false},"excerpt":{"rendered":"<p>\u201cSapin de No\u00ebl\u201d. Conif\u00e8re de forme conique avec \u00e9corce de couleur rouge-marron et aiguilles quadrangulaires vert fonc\u00e9es d\u2019une longueur de 2,5 cm. Donne des c\u00f4nes femelles cylindriques verts, puis marron. Utilis\u00e9 d\u2019ordinaire comme arbre de No\u00ebl.<\/p>\n","protected":false},"featured_media":4471,"template":"","meta":{"_acf_changed":false},"product_brand":[],"product_cat":[8824],"product_tag":[10897],"class_list":{"0":"post-13119","1":"product","2":"type-product","3":"status-publish","4":"has-post-thumbnail","6":"product_cat-coniferes","7":"product_tag-naturelle","8":"pa_altezza-massima-30-metres","9":"pa_altezza-massima-40-metres","10":"pa_condizionamento-clt-fr","11":"pa_condizionamento-vs-fr","12":"pa_condizionamento-motte","13":"pa_famiglia-pinaceae-fr","14":"pa_genere-picea-fr","15":"pa_origine-europe-du-nord-fr-2","16":"pa_portamento-conico-fr","17":"pa_resistenza-climatica-tres-elevee","18":"pa_resistenza-del-suolo-resistant-aux-sols-secs","19":"pa_utilizzo-parcs","21":"first","22":"instock","23":"purchasable","24":"product-type-simple"},"acf":[],"_links":{"self":[{"href":"https:\/\/innocentiemangonipiante.it\/fr\/wp-json\/wp\/v2\/product\/13119","targetHints":{"allow":["GET"]}}],"collection":[{"href":"https:\/\/innocentiemangonipiante.it\/fr\/wp-json\/wp\/v2\/product"}],"about":[{"href":"https:\/\/innocentiemangonipiante.it\/fr\/wp-json\/wp\/v2\/types\/product"}],"wp:featuredmedia":[{"embeddable":true,"href":"https:\/\/innocentiemangonipiante.it\/fr\/wp-json\/wp\/v2\/media\/4471"}],"wp:attachment":[{"href":"https:\/\/innocentiemangonipiante.it\/fr\/wp-json\/wp\/v2\/media?parent=13119"}],"wp:term":[{"taxonomy":"product_brand","embeddable":true,"href":"https:\/\/innocentiemangonipiante.it\/fr\/wp-json\/wp\/v2\/product_brand?post=13119"},{"taxonomy":"product_cat","embeddable":true,"href":"https:\/\/innocentiemangonipiante.it\/fr\/wp-json\/wp\/v2\/product_cat?post=13119"},{"taxonomy":"product_tag","embeddable":true,"href":"https:\/\/innocentiemangonipiante.it\/fr\/wp-json\/wp\/v2\/product_tag?post=13119"}],"curies":[{"name":"wp","href":"https:\/\/api.w.org\/{rel}","templated":true}]}}