{"id":13120,"date":"2023-11-04T02:19:43","date_gmt":"2023-11-04T01:19:43","guid":{"rendered":"http:\/\/innocentiemangonipiante.it\/pieris-japonica-mountain-fire\/"},"modified":"2023-11-06T15:31:56","modified_gmt":"2023-11-06T14:31:56","slug":"pieris-japonica-mountain-fire","status":"publish","type":"product","link":"https:\/\/innocentiemangonipiante.it\/fr\/pieris-japonica-mountain-fire\/","title":{"rendered":"PIERIS japonica &lsquo;Mountain Fire&rsquo;"},"content":{"rendered":"<p>Arbuste persistant au port bien droit croissance lente. Les feuilles sont de couleur vert fonc\u00e9, lanc\u00e9ol\u00e9es, longues jusqu\u2019\u00e0 12 cm. Les nouvelles v\u00e9g\u00e9tations sont de couleur rouge-ch\u00e2tain brillant.<\/p>\n","protected":false},"excerpt":{"rendered":"<p>Arbuste persistant au port bien droit croissance lente. Les feuilles sont de couleur vert fonc\u00e9, lanc\u00e9ol\u00e9es, longues jusqu\u2019\u00e0 12 cm. Les nouvelles v\u00e9g\u00e9tations sont de couleur rouge-ch\u00e2tain brillant.<\/p>\n","protected":false},"featured_media":23818,"template":"","meta":{"_acf_changed":false},"product_brand":[],"product_cat":[8817],"product_tag":[10897],"class_list":{"0":"post-13120","1":"product","2":"type-product","3":"status-publish","4":"has-post-thumbnail","6":"product_cat-arbres-et-arbustes-persistants","7":"product_tag-naturelle","8":"pa_altezza-massima-200-fr","9":"pa_altezza-massima-400-fr","10":"pa_colore-fioritura-blanc","11":"pa_condizionamento-clt-fr","12":"pa_famiglia-ericaceae-fr","13":"pa_genere-pieris-fr","14":"pa_inquinamento-resistance-a-la-pollution","15":"pa_origine-origine-delle-piante-u-s-a","16":"pa_periodo-fioritura-avril","17":"pa_periodo-fioritura-mai","18":"pa_portamento-eretto-fr","19":"pa_resistenza-climatica-moyenne-elevee","20":"pa_utilizzo-parcs","21":"pa_utilizzo-petits-jardins","23":"first","24":"instock","25":"purchasable","26":"product-type-simple"},"acf":[],"_links":{"self":[{"href":"https:\/\/innocentiemangonipiante.it\/fr\/wp-json\/wp\/v2\/product\/13120","targetHints":{"allow":["GET"]}}],"collection":[{"href":"https:\/\/innocentiemangonipiante.it\/fr\/wp-json\/wp\/v2\/product"}],"about":[{"href":"https:\/\/innocentiemangonipiante.it\/fr\/wp-json\/wp\/v2\/types\/product"}],"wp:featuredmedia":[{"embeddable":true,"href":"https:\/\/innocentiemangonipiante.it\/fr\/wp-json\/wp\/v2\/media\/23818"}],"wp:attachment":[{"href":"https:\/\/innocentiemangonipiante.it\/fr\/wp-json\/wp\/v2\/media?parent=13120"}],"wp:term":[{"taxonomy":"product_brand","embeddable":true,"href":"https:\/\/innocentiemangonipiante.it\/fr\/wp-json\/wp\/v2\/product_brand?post=13120"},{"taxonomy":"product_cat","embeddable":true,"href":"https:\/\/innocentiemangonipiante.it\/fr\/wp-json\/wp\/v2\/product_cat?post=13120"},{"taxonomy":"product_tag","embeddable":true,"href":"https:\/\/innocentiemangonipiante.it\/fr\/wp-json\/wp\/v2\/product_tag?post=13120"}],"curies":[{"name":"wp","href":"https:\/\/api.w.org\/{rel}","templated":true}]}}