{"id":13121,"date":"2023-11-04T02:19:36","date_gmt":"2023-11-04T01:19:36","guid":{"rendered":"http:\/\/innocentiemangonipiante.it\/pieris-japonica-katsura\/"},"modified":"2023-11-06T15:31:53","modified_gmt":"2023-11-06T14:31:53","slug":"pieris-japonica-katsura","status":"publish","type":"product","link":"https:\/\/innocentiemangonipiante.it\/fr\/pieris-japonica-katsura\/","title":{"rendered":"PIERIS japonica &lsquo;Katsura&rsquo;"},"content":{"rendered":"<p>Arbuste persistant avec port compact, croissance lente et feuillage vert fonc\u00e9. Cette s\u00e9lection est tr\u00e8s jolie pour sa marveilleuse abondante floraison blanche et pour les nouvelles pousses de couleur rouge intense.<\/p>\n","protected":false},"excerpt":{"rendered":"<p>Arbuste persistant avec port compact, croissance lente et feuillage vert fonc\u00e9. Cette s\u00e9lection est tr\u00e8s jolie pour sa marveilleuse abondante floraison blanche et pour les nouvelles pousses de couleur rouge intense.<\/p>\n","protected":false},"featured_media":23813,"template":"","meta":{"_acf_changed":false},"product_brand":[],"product_cat":[8817],"product_tag":[10897],"class_list":{"0":"post-13121","1":"product","2":"type-product","3":"status-publish","4":"has-post-thumbnail","6":"product_cat-arbres-et-arbustes-persistants","7":"product_tag-naturelle","8":"pa_altezza-massima-100-fr","9":"pa_altezza-massima-150-fr","10":"pa_colore-fioritura-blanc","11":"pa_condizionamento-clt-fr","12":"pa_famiglia-ericaceae-fr","13":"pa_genere-pieris-fr","14":"pa_inquinamento-resistance-a-la-pollution","15":"pa_origine-asie","16":"pa_periodo-fioritura-mars","17":"pa_portamento-arrondi","18":"pa_resistenza-climatica-tres-elevee","19":"pa_utilizzo-petits-jardins","21":"first","22":"instock","23":"purchasable","24":"product-type-simple"},"acf":[],"_links":{"self":[{"href":"https:\/\/innocentiemangonipiante.it\/fr\/wp-json\/wp\/v2\/product\/13121","targetHints":{"allow":["GET"]}}],"collection":[{"href":"https:\/\/innocentiemangonipiante.it\/fr\/wp-json\/wp\/v2\/product"}],"about":[{"href":"https:\/\/innocentiemangonipiante.it\/fr\/wp-json\/wp\/v2\/types\/product"}],"wp:featuredmedia":[{"embeddable":true,"href":"https:\/\/innocentiemangonipiante.it\/fr\/wp-json\/wp\/v2\/media\/23813"}],"wp:attachment":[{"href":"https:\/\/innocentiemangonipiante.it\/fr\/wp-json\/wp\/v2\/media?parent=13121"}],"wp:term":[{"taxonomy":"product_brand","embeddable":true,"href":"https:\/\/innocentiemangonipiante.it\/fr\/wp-json\/wp\/v2\/product_brand?post=13121"},{"taxonomy":"product_cat","embeddable":true,"href":"https:\/\/innocentiemangonipiante.it\/fr\/wp-json\/wp\/v2\/product_cat?post=13121"},{"taxonomy":"product_tag","embeddable":true,"href":"https:\/\/innocentiemangonipiante.it\/fr\/wp-json\/wp\/v2\/product_tag?post=13121"}],"curies":[{"name":"wp","href":"https:\/\/api.w.org\/{rel}","templated":true}]}}