{"id":13122,"date":"2023-11-04T02:19:30","date_gmt":"2023-11-04T01:19:30","guid":{"rendered":"http:\/\/innocentiemangonipiante.it\/pieris-japonica-forest-flame\/"},"modified":"2023-11-06T15:31:51","modified_gmt":"2023-11-06T14:31:51","slug":"pieris-japonica-forest-flame","status":"publish","type":"product","link":"https:\/\/innocentiemangonipiante.it\/fr\/pieris-japonica-forest-flame\/","title":{"rendered":"PIERIS japonica &lsquo;Forest Flame&rsquo;"},"content":{"rendered":"<p>Arbuste persistant, au port \u00e9rig\u00e9, feuilles fines lanc\u00e9ol\u00e9es \u00e0 l\u2019inverse et finement dentel\u00e9es de couleur rouge vif jeunes, puis blanches et enfin vertes. A la moiti\u00e9-fin du printemps, elle donne des panicules terminales de fleurs blanches.<\/p>\n","protected":false},"excerpt":{"rendered":"<p>Arbuste persistant, au port \u00e9rig\u00e9, feuilles fines lanc\u00e9ol\u00e9es \u00e0 l\u2019inverse et finement dentel\u00e9es de couleur rouge vif jeunes, puis blanches et enfin vertes. A la moiti\u00e9-fin du printemps, elle donne des panicules terminales de fleurs blanches.<\/p>\n","protected":false},"featured_media":4555,"template":"","meta":{"_acf_changed":false},"product_brand":[],"product_cat":[8817],"product_tag":[10897],"class_list":{"0":"post-13122","1":"product","2":"type-product","3":"status-publish","4":"has-post-thumbnail","6":"product_cat-arbres-et-arbustes-persistants","7":"product_tag-naturelle","8":"pa_altezza-massima-150-fr","9":"pa_altezza-massima-200-fr","10":"pa_colore-fioritura-blanc","11":"pa_condizionamento-clt-fr","12":"pa_famiglia-ericaceae-fr","13":"pa_genere-pieris-fr","14":"pa_inquinamento-resistance-a-la-pollution","15":"pa_origine-europe-du-nord-fr-2","16":"pa_periodo-fioritura-mars","17":"pa_portamento-eretto-fr","18":"pa_resistenza-climatica-tres-elevee","19":"pa_utilizzo-petits-jardins","21":"first","22":"instock","23":"purchasable","24":"product-type-simple"},"acf":[],"_links":{"self":[{"href":"https:\/\/innocentiemangonipiante.it\/fr\/wp-json\/wp\/v2\/product\/13122","targetHints":{"allow":["GET"]}}],"collection":[{"href":"https:\/\/innocentiemangonipiante.it\/fr\/wp-json\/wp\/v2\/product"}],"about":[{"href":"https:\/\/innocentiemangonipiante.it\/fr\/wp-json\/wp\/v2\/types\/product"}],"wp:featuredmedia":[{"embeddable":true,"href":"https:\/\/innocentiemangonipiante.it\/fr\/wp-json\/wp\/v2\/media\/4555"}],"wp:attachment":[{"href":"https:\/\/innocentiemangonipiante.it\/fr\/wp-json\/wp\/v2\/media?parent=13122"}],"wp:term":[{"taxonomy":"product_brand","embeddable":true,"href":"https:\/\/innocentiemangonipiante.it\/fr\/wp-json\/wp\/v2\/product_brand?post=13122"},{"taxonomy":"product_cat","embeddable":true,"href":"https:\/\/innocentiemangonipiante.it\/fr\/wp-json\/wp\/v2\/product_cat?post=13122"},{"taxonomy":"product_tag","embeddable":true,"href":"https:\/\/innocentiemangonipiante.it\/fr\/wp-json\/wp\/v2\/product_tag?post=13122"}],"curies":[{"name":"wp","href":"https:\/\/api.w.org\/{rel}","templated":true}]}}