{"id":13123,"date":"2023-11-04T02:19:22","date_gmt":"2023-11-04T01:19:22","guid":{"rendered":"http:\/\/innocentiemangonipiante.it\/pieris-japonica-flaming-silver\/"},"modified":"2023-11-06T15:31:48","modified_gmt":"2023-11-06T14:31:48","slug":"pieris-japonica-flaming-silver","status":"publish","type":"product","link":"https:\/\/innocentiemangonipiante.it\/fr\/pieris-japonica-flaming-silver\/","title":{"rendered":"PIERIS japonica &lsquo;Flaming Silver&rsquo;"},"content":{"rendered":"<p>Petit arbuste persistant au port \u00e9rig\u00e9. La nouvelle v\u00e9g\u00e9tation est rouge brillant, pour devenir verte et enfin dot\u00e9e de marges de couleur blanc-argent\u00e9. Il produit des petites fleurs en forme de clochette blanc-cr\u00e8me, group\u00e9es en \u00e9pi de ma\u00efs.<\/p>\n","protected":false},"excerpt":{"rendered":"<p>Petit arbuste persistant au port \u00e9rig\u00e9. La nouvelle v\u00e9g\u00e9tation est rouge brillant, pour devenir verte et enfin dot\u00e9e de marges de couleur blanc-argent\u00e9. Il produit des petites fleurs en forme de clochette blanc-cr\u00e8me, group\u00e9es en \u00e9pi de ma\u00efs.<\/p>\n","protected":false},"featured_media":4549,"template":"","meta":{"_acf_changed":false},"product_brand":[],"product_cat":[8817],"product_tag":[10897],"class_list":{"0":"post-13123","1":"product","2":"type-product","3":"status-publish","4":"has-post-thumbnail","6":"product_cat-arbres-et-arbustes-persistants","7":"product_tag-naturelle","8":"pa_altezza-massima-100-fr","9":"pa_altezza-massima-150-fr","10":"pa_colore-delle-foglie-panachees","11":"pa_colore-fioritura-blanc","12":"pa_condizionamento-clt-fr","13":"pa_famiglia-ericaceae-fr","14":"pa_genere-pieris-fr","15":"pa_inquinamento-resistance-a-la-pollution","16":"pa_origine-hollande","17":"pa_periodo-fioritura-mars","18":"pa_portamento-eretto-fr","19":"pa_resistenza-climatica-tres-elevee","20":"pa_utilizzo-petits-jardins","22":"first","23":"instock","24":"purchasable","25":"product-type-simple"},"acf":[],"_links":{"self":[{"href":"https:\/\/innocentiemangonipiante.it\/fr\/wp-json\/wp\/v2\/product\/13123","targetHints":{"allow":["GET"]}}],"collection":[{"href":"https:\/\/innocentiemangonipiante.it\/fr\/wp-json\/wp\/v2\/product"}],"about":[{"href":"https:\/\/innocentiemangonipiante.it\/fr\/wp-json\/wp\/v2\/types\/product"}],"wp:featuredmedia":[{"embeddable":true,"href":"https:\/\/innocentiemangonipiante.it\/fr\/wp-json\/wp\/v2\/media\/4549"}],"wp:attachment":[{"href":"https:\/\/innocentiemangonipiante.it\/fr\/wp-json\/wp\/v2\/media?parent=13123"}],"wp:term":[{"taxonomy":"product_brand","embeddable":true,"href":"https:\/\/innocentiemangonipiante.it\/fr\/wp-json\/wp\/v2\/product_brand?post=13123"},{"taxonomy":"product_cat","embeddable":true,"href":"https:\/\/innocentiemangonipiante.it\/fr\/wp-json\/wp\/v2\/product_cat?post=13123"},{"taxonomy":"product_tag","embeddable":true,"href":"https:\/\/innocentiemangonipiante.it\/fr\/wp-json\/wp\/v2\/product_tag?post=13123"}],"curies":[{"name":"wp","href":"https:\/\/api.w.org\/{rel}","templated":true}]}}