{"id":13124,"date":"2023-11-04T02:22:07","date_gmt":"2023-11-04T01:22:07","guid":{"rendered":"http:\/\/innocentiemangonipiante.it\/pinus-mugo-ssp-uncinata\/"},"modified":"2023-11-06T15:33:33","modified_gmt":"2023-11-06T14:33:33","slug":"pinus-mugo-ssp-uncinata","status":"publish","type":"product","link":"https:\/\/innocentiemangonipiante.it\/fr\/pinus-mugo-ssp-uncinata\/","title":{"rendered":"PINUS mugo ssp. uncinata"},"content":{"rendered":"<p>Conif\u00e8re \u00e0 port pyramidal avec ramifications \u00e9rig\u00e9es dans la section terminale.<\/p>\n","protected":false},"excerpt":{"rendered":"<p>Conif\u00e8re \u00e0 port pyramidal avec ramifications \u00e9rig\u00e9es dans la section terminale.<\/p>\n","protected":false},"featured_media":4601,"template":"","meta":{"_acf_changed":false},"product_brand":[],"product_cat":[8824,9230],"product_tag":[10897],"class_list":{"0":"post-13124","1":"product","2":"type-product","3":"status-publish","4":"has-post-thumbnail","6":"product_cat-coniferes","7":"product_cat-arbres-et-plantes-du-futur","8":"product_tag-naturelle","9":"pa_altezza-massima-15-metres","10":"pa_altezza-massima-20-metres","11":"pa_famiglia-pinaceae-fr","12":"pa_genere-pinus-fr","13":"pa_origine-europe-fr","14":"pa_portamento-piramidale-fr","15":"pa_resistenza-climatica-tres-elevee","16":"pa_utilizzo-parcs","18":"first","19":"instock","20":"purchasable","21":"product-type-simple"},"acf":[],"_links":{"self":[{"href":"https:\/\/innocentiemangonipiante.it\/fr\/wp-json\/wp\/v2\/product\/13124","targetHints":{"allow":["GET"]}}],"collection":[{"href":"https:\/\/innocentiemangonipiante.it\/fr\/wp-json\/wp\/v2\/product"}],"about":[{"href":"https:\/\/innocentiemangonipiante.it\/fr\/wp-json\/wp\/v2\/types\/product"}],"wp:featuredmedia":[{"embeddable":true,"href":"https:\/\/innocentiemangonipiante.it\/fr\/wp-json\/wp\/v2\/media\/4601"}],"wp:attachment":[{"href":"https:\/\/innocentiemangonipiante.it\/fr\/wp-json\/wp\/v2\/media?parent=13124"}],"wp:term":[{"taxonomy":"product_brand","embeddable":true,"href":"https:\/\/innocentiemangonipiante.it\/fr\/wp-json\/wp\/v2\/product_brand?post=13124"},{"taxonomy":"product_cat","embeddable":true,"href":"https:\/\/innocentiemangonipiante.it\/fr\/wp-json\/wp\/v2\/product_cat?post=13124"},{"taxonomy":"product_tag","embeddable":true,"href":"https:\/\/innocentiemangonipiante.it\/fr\/wp-json\/wp\/v2\/product_tag?post=13124"}],"curies":[{"name":"wp","href":"https:\/\/api.w.org\/{rel}","templated":true}]}}