{"id":13127,"date":"2023-11-04T02:25:00","date_gmt":"2023-11-04T01:25:00","guid":{"rendered":"http:\/\/innocentiemangonipiante.it\/pinus-sylvestris-repens\/"},"modified":"2023-11-06T15:35:36","modified_gmt":"2023-11-06T14:35:36","slug":"pinus-sylvestris-repens","status":"publish","type":"product","link":"https:\/\/innocentiemangonipiante.it\/fr\/pinus-sylvestris-repens\/","title":{"rendered":"PINUS sylvestris &lsquo;Repens&rsquo;"},"content":{"rendered":"<p>Conif\u00e8re persistante naine avec une forme basse et dense. Les aiguilles sont gris-bleu, les bourgeons blancs ajoutent un regard p\u00e9tillant. Parfait pour les jardins rocheux. Pr\u00e9f\u00e8re le plein soleil dans un sol bien drain\u00e9. R\u00e9sistant \u00e0 -40 degr\u00e9s.<\/p>\n","protected":false},"excerpt":{"rendered":"<p>Conif\u00e8re persistante naine avec une forme basse et dense. Les aiguilles sont gris-bleu, les bourgeons blancs ajoutent un regard p\u00e9tillant. Parfait pour les jardins rocheux. Pr\u00e9f\u00e8re le plein soleil dans un sol bien drain\u00e9. R\u00e9sistant \u00e0 -40 degr\u00e9s.<\/p>\n","protected":false},"featured_media":4658,"template":"","meta":{"_acf_changed":false},"product_brand":[],"product_cat":[8824],"product_tag":[10897,6252,6263],"class_list":{"0":"post-13127","1":"product","2":"type-product","3":"status-publish","4":"has-post-thumbnail","6":"product_cat-coniferes","7":"product_tag-naturelle","8":"product_tag-bonsai-fr","9":"product_tag-pompons-fr","10":"pa_altezza-massima-0_50-metres","11":"pa_altezza-massima-100-fr","12":"pa_colore-delle-foglie-bleu","13":"pa_colore-fioritura-blanc","14":"pa_condizionamento-clt-fr","15":"pa_condizionamento-coupe-fr","16":"pa_condizionamento-motte","17":"pa_famiglia-pinaceae-fr","18":"pa_genere-pinus-fr","19":"pa_inquinamento-resistance-a-la-pollution","20":"pa_origine-ecosse-fr","21":"pa_periodo-fioritura-mai","22":"pa_portamento-arrondi","23":"pa_resistenza-climatica-tres-elevee","24":"pa_resistenza-del-suolo-resistant-aux-sols-secs","25":"pa_salinita-resistance-a-la-salinisation","26":"pa_utilizzo-balcons","27":"pa_utilizzo-petits-jardins","29":"first","30":"instock","31":"purchasable","32":"product-type-simple"},"acf":[],"_links":{"self":[{"href":"https:\/\/innocentiemangonipiante.it\/fr\/wp-json\/wp\/v2\/product\/13127","targetHints":{"allow":["GET"]}}],"collection":[{"href":"https:\/\/innocentiemangonipiante.it\/fr\/wp-json\/wp\/v2\/product"}],"about":[{"href":"https:\/\/innocentiemangonipiante.it\/fr\/wp-json\/wp\/v2\/types\/product"}],"wp:featuredmedia":[{"embeddable":true,"href":"https:\/\/innocentiemangonipiante.it\/fr\/wp-json\/wp\/v2\/media\/4658"}],"wp:attachment":[{"href":"https:\/\/innocentiemangonipiante.it\/fr\/wp-json\/wp\/v2\/media?parent=13127"}],"wp:term":[{"taxonomy":"product_brand","embeddable":true,"href":"https:\/\/innocentiemangonipiante.it\/fr\/wp-json\/wp\/v2\/product_brand?post=13127"},{"taxonomy":"product_cat","embeddable":true,"href":"https:\/\/innocentiemangonipiante.it\/fr\/wp-json\/wp\/v2\/product_cat?post=13127"},{"taxonomy":"product_tag","embeddable":true,"href":"https:\/\/innocentiemangonipiante.it\/fr\/wp-json\/wp\/v2\/product_tag?post=13127"}],"curies":[{"name":"wp","href":"https:\/\/api.w.org\/{rel}","templated":true}]}}