{"id":13128,"date":"2023-11-04T02:24:47","date_gmt":"2023-11-04T01:24:47","guid":{"rendered":"http:\/\/innocentiemangonipiante.it\/pinus-sylvestris-glauca\/"},"modified":"2023-11-06T15:35:31","modified_gmt":"2023-11-06T14:35:31","slug":"pinus-sylvestris-glauca","status":"publish","type":"product","link":"https:\/\/innocentiemangonipiante.it\/fr\/pinus-sylvestris-glauca\/","title":{"rendered":"PINUS sylvestris &lsquo;Glauca&rsquo;"},"content":{"rendered":"<p>Feuillage de couleur glauque intense et port plus \u00e9rig\u00e9 de son esp\u00e8ce type.<\/p>\n","protected":false},"excerpt":{"rendered":"<p>Feuillage de couleur glauque intense et port plus \u00e9rig\u00e9 de son esp\u00e8ce type.<\/p>\n","protected":false},"featured_media":4652,"template":"","meta":{"_acf_changed":false},"product_brand":[],"product_cat":[8824],"product_tag":[10897,6263,8400],"class_list":{"0":"post-13128","1":"product","2":"type-product","3":"status-publish","4":"has-post-thumbnail","6":"product_cat-coniferes","7":"product_tag-naturelle","8":"product_tag-pompons-fr","9":"product_tag-tige","10":"pa_altezza-massima-20-metres","11":"pa_altezza-massima-30-metres","12":"pa_colore-delle-foglie-bleu","13":"pa_condizionamento-clt-fr","14":"pa_condizionamento-motte","15":"pa_famiglia-pinaceae-fr","16":"pa_genere-pinus-fr","17":"pa_inquinamento-resistance-a-la-pollution","18":"pa_origine-europe-centrale","19":"pa_origine-moyen-orient","20":"pa_portamento-piramidale-fr","21":"pa_resistenza-climatica-tres-elevee","22":"pa_resistenza-del-suolo-resistant-aux-sols-secs","23":"pa_salinita-resistance-a-la-salinisation","24":"pa_utilizzo-parcs","26":"first","27":"instock","28":"purchasable","29":"product-type-simple"},"acf":[],"_links":{"self":[{"href":"https:\/\/innocentiemangonipiante.it\/fr\/wp-json\/wp\/v2\/product\/13128","targetHints":{"allow":["GET"]}}],"collection":[{"href":"https:\/\/innocentiemangonipiante.it\/fr\/wp-json\/wp\/v2\/product"}],"about":[{"href":"https:\/\/innocentiemangonipiante.it\/fr\/wp-json\/wp\/v2\/types\/product"}],"wp:featuredmedia":[{"embeddable":true,"href":"https:\/\/innocentiemangonipiante.it\/fr\/wp-json\/wp\/v2\/media\/4652"}],"wp:attachment":[{"href":"https:\/\/innocentiemangonipiante.it\/fr\/wp-json\/wp\/v2\/media?parent=13128"}],"wp:term":[{"taxonomy":"product_brand","embeddable":true,"href":"https:\/\/innocentiemangonipiante.it\/fr\/wp-json\/wp\/v2\/product_brand?post=13128"},{"taxonomy":"product_cat","embeddable":true,"href":"https:\/\/innocentiemangonipiante.it\/fr\/wp-json\/wp\/v2\/product_cat?post=13128"},{"taxonomy":"product_tag","embeddable":true,"href":"https:\/\/innocentiemangonipiante.it\/fr\/wp-json\/wp\/v2\/product_tag?post=13128"}],"curies":[{"name":"wp","href":"https:\/\/api.w.org\/{rel}","templated":true}]}}