{"id":13130,"date":"2023-11-04T02:24:28","date_gmt":"2023-11-04T01:24:28","guid":{"rendered":"http:\/\/innocentiemangonipiante.it\/pinus-sylvestris\/"},"modified":"2023-11-06T15:35:15","modified_gmt":"2023-11-06T14:35:15","slug":"pinus-sylvestris","status":"publish","type":"product","link":"https:\/\/innocentiemangonipiante.it\/fr\/pinus-sylvestris\/","title":{"rendered":"PINUS sylvestris"},"content":{"rendered":"<p>Grand arbre au port d\u2019abord conique, puis ouvert et irr\u00e9gulier au fil des ann\u00e9es. \u00c9corce de couleur rouge\u00e2tre qui s\u2019\u00e9caille en plaques fines. Les feuilles aciculaires, fines, dispos\u00e9es sur la branche en groupes de 2, mesurent de 5 \u00e0 8 cm et sont de couleur bleu-vert &#8211; gris-vert.<\/p>\n","protected":false},"excerpt":{"rendered":"<p>Grand arbre au port d\u2019abord conique, puis ouvert et irr\u00e9gulier au fil des ann\u00e9es. \u00c9corce de couleur rouge\u00e2tre qui s\u2019\u00e9caille en plaques fines. Les feuilles aciculaires, fines, dispos\u00e9es sur la branche en groupes de 2, mesurent de 5 \u00e0 8 cm et sont de couleur bleu-vert &#8211; gris-vert.<\/p>\n","protected":false},"featured_media":4645,"template":"","meta":{"_acf_changed":false},"product_brand":[],"product_cat":[8824],"product_tag":[10897,6252,8596,8497,6255,6263,13894,8400,8420],"class_list":{"0":"post-13130","1":"product","2":"type-product","3":"status-publish","4":"has-post-thumbnail","6":"product_cat-coniferes","7":"product_tag-naturelle","8":"product_tag-bonsai-fr","9":"product_tag-cepee","10":"product_tag-cepee-remontee","11":"product_tag-demi-tige","12":"product_tag-pompons-fr","13":"product_tag-pompons-tronc-s","14":"product_tag-tige","15":"product_tag-tige-boule","16":"pa_altezza-massima-20-metres","17":"pa_altezza-massima-30-metres","18":"pa_colore-delle-foglie-grises","19":"pa_condizionamento-clt-fr","20":"pa_condizionamento-coupe-fr","21":"pa_condizionamento-pot-de-couleur-rouille","22":"pa_condizionamento-vs-fr","23":"pa_condizionamento-motte","24":"pa_famiglia-pinaceae-fr","25":"pa_genere-pinus-fr","26":"pa_inquinamento-resistance-a-la-pollution","27":"pa_origine-europe-centrale","28":"pa_portamento-arrondi","29":"pa_resistenza-climatica-tres-elevee","30":"pa_resistenza-del-suolo-resistant-aux-sols-secs","31":"pa_salinita-resistance-a-la-salinisation","32":"pa_utilizzo-parcs","34":"first","35":"instock","36":"purchasable","37":"product-type-simple"},"acf":[],"_links":{"self":[{"href":"https:\/\/innocentiemangonipiante.it\/fr\/wp-json\/wp\/v2\/product\/13130","targetHints":{"allow":["GET"]}}],"collection":[{"href":"https:\/\/innocentiemangonipiante.it\/fr\/wp-json\/wp\/v2\/product"}],"about":[{"href":"https:\/\/innocentiemangonipiante.it\/fr\/wp-json\/wp\/v2\/types\/product"}],"wp:featuredmedia":[{"embeddable":true,"href":"https:\/\/innocentiemangonipiante.it\/fr\/wp-json\/wp\/v2\/media\/4645"}],"wp:attachment":[{"href":"https:\/\/innocentiemangonipiante.it\/fr\/wp-json\/wp\/v2\/media?parent=13130"}],"wp:term":[{"taxonomy":"product_brand","embeddable":true,"href":"https:\/\/innocentiemangonipiante.it\/fr\/wp-json\/wp\/v2\/product_brand?post=13130"},{"taxonomy":"product_cat","embeddable":true,"href":"https:\/\/innocentiemangonipiante.it\/fr\/wp-json\/wp\/v2\/product_cat?post=13130"},{"taxonomy":"product_tag","embeddable":true,"href":"https:\/\/innocentiemangonipiante.it\/fr\/wp-json\/wp\/v2\/product_tag?post=13130"}],"curies":[{"name":"wp","href":"https:\/\/api.w.org\/{rel}","templated":true}]}}