{"id":13131,"date":"2023-11-04T02:23:16","date_gmt":"2023-11-04T01:23:16","guid":{"rendered":"http:\/\/innocentiemangonipiante.it\/pinus-pinaster\/"},"modified":"2023-11-06T15:34:25","modified_gmt":"2023-11-06T14:34:25","slug":"pinus-pinaster","status":"publish","type":"product","link":"https:\/\/innocentiemangonipiante.it\/fr\/pinus-pinaster\/","title":{"rendered":"PINUS pinaster"},"content":{"rendered":"<p>Aspect irr\u00e9gulier. Ecorce tr\u00e8s craquel\u00e9e orange-marron. Aiguilles rigides, gris-vert. Tr\u00e8s adapt\u00e9 pour les plantations c\u00f4ti\u00e8res.<\/p>\n","protected":false},"excerpt":{"rendered":"<p>Aspect irr\u00e9gulier. Ecorce tr\u00e8s craquel\u00e9e orange-marron. Aiguilles rigides, gris-vert. Tr\u00e8s adapt\u00e9 pour les plantations c\u00f4ti\u00e8res.<\/p>\n","protected":false},"featured_media":4633,"template":"","meta":{"_acf_changed":false},"product_brand":[],"product_cat":[8824,9230],"product_tag":[10897,8400],"class_list":{"0":"post-13131","1":"product","2":"type-product","3":"status-publish","4":"has-post-thumbnail","6":"product_cat-coniferes","7":"product_cat-arbres-et-plantes-du-futur","8":"product_tag-naturelle","9":"product_tag-tige","10":"pa_altezza-massima-15-metres","11":"pa_altezza-massima-20-metres","12":"pa_colore-delle-foglie-grises","13":"pa_condizionamento-clt-fr","14":"pa_famiglia-pinaceae-fr","15":"pa_genere-pinus-fr","16":"pa_inquinamento-resistance-a-la-pollution","17":"pa_origine-sud-de-leurope-fr","18":"pa_portamento-arrondi","19":"pa_resistenza-climatica-moyenne-elevee","20":"pa_salinita-resistance-a-la-salinisation","21":"pa_utilizzo-parcs","23":"first","24":"instock","25":"purchasable","26":"product-type-simple"},"acf":[],"_links":{"self":[{"href":"https:\/\/innocentiemangonipiante.it\/fr\/wp-json\/wp\/v2\/product\/13131","targetHints":{"allow":["GET"]}}],"collection":[{"href":"https:\/\/innocentiemangonipiante.it\/fr\/wp-json\/wp\/v2\/product"}],"about":[{"href":"https:\/\/innocentiemangonipiante.it\/fr\/wp-json\/wp\/v2\/types\/product"}],"wp:featuredmedia":[{"embeddable":true,"href":"https:\/\/innocentiemangonipiante.it\/fr\/wp-json\/wp\/v2\/media\/4633"}],"wp:attachment":[{"href":"https:\/\/innocentiemangonipiante.it\/fr\/wp-json\/wp\/v2\/media?parent=13131"}],"wp:term":[{"taxonomy":"product_brand","embeddable":true,"href":"https:\/\/innocentiemangonipiante.it\/fr\/wp-json\/wp\/v2\/product_brand?post=13131"},{"taxonomy":"product_cat","embeddable":true,"href":"https:\/\/innocentiemangonipiante.it\/fr\/wp-json\/wp\/v2\/product_cat?post=13131"},{"taxonomy":"product_tag","embeddable":true,"href":"https:\/\/innocentiemangonipiante.it\/fr\/wp-json\/wp\/v2\/product_tag?post=13131"}],"curies":[{"name":"wp","href":"https:\/\/api.w.org\/{rel}","templated":true}]}}