{"id":13133,"date":"2023-11-04T02:23:01","date_gmt":"2023-11-04T01:23:01","guid":{"rendered":"http:\/\/innocentiemangonipiante.it\/pinus-nigra-marie-bregeon\/"},"modified":"2023-11-06T15:34:18","modified_gmt":"2023-11-06T14:34:18","slug":"pinus-nigra-marie-bregeon","status":"publish","type":"product","link":"https:\/\/innocentiemangonipiante.it\/fr\/pinus-nigra-marie-bregeon\/","title":{"rendered":"PINUS nigra &lsquo;Marie Bregeon&rsquo;"},"content":{"rendered":"<p>C&rsquo;est un croisement entre Pin noir et Pinus Densiflora. Port \u00e9l\u00e9gant, aiguilles vert moyen, long et doux. Sa forme naturelle est arrondie sans besoin d&rsquo;\u00eatre retaill\u00e9e. Forme naturellement dense et compacte. Pousse seulement 5-10 cm par ann\u00e9e.<\/p>\n","protected":false},"excerpt":{"rendered":"<p>C&rsquo;est un croisement entre Pin noir et Pinus Densiflora. Port \u00e9l\u00e9gant, aiguilles vert moyen, long et doux. Sa forme naturelle est arrondie sans besoin d&rsquo;\u00eatre retaill\u00e9e. Forme naturellement dense et compacte. Pousse seulement 5-10 cm par ann\u00e9e.<\/p>\n","protected":false},"featured_media":4626,"template":"","meta":{"_acf_changed":false},"product_brand":[],"product_cat":[8824],"product_tag":[10897,6255,8735],"class_list":{"0":"post-13133","1":"product","2":"type-product","3":"status-publish","4":"has-post-thumbnail","6":"product_cat-coniferes","7":"product_tag-naturelle","8":"product_tag-demi-tige","9":"product_tag-quart-de-tige","10":"pa_altezza-massima-0_50-metres","11":"pa_altezza-massima-100-fr","12":"pa_condizionamento-clt-fr","13":"pa_famiglia-pinaceae-fr","14":"pa_genere-pinus-fr","15":"pa_inquinamento-resistance-a-la-pollution","16":"pa_origine-suisse","17":"pa_portamento-arrondi","18":"pa_resistenza-climatica-tres-elevee","19":"pa_resistenza-del-suolo-resistant-aux-sols-calcaires","20":"pa_salinita-resistance-a-la-salinisation","21":"pa_utilizzo-balcons","22":"pa_utilizzo-petits-jardins","24":"first","25":"instock","26":"purchasable","27":"product-type-simple"},"acf":[],"_links":{"self":[{"href":"https:\/\/innocentiemangonipiante.it\/fr\/wp-json\/wp\/v2\/product\/13133","targetHints":{"allow":["GET"]}}],"collection":[{"href":"https:\/\/innocentiemangonipiante.it\/fr\/wp-json\/wp\/v2\/product"}],"about":[{"href":"https:\/\/innocentiemangonipiante.it\/fr\/wp-json\/wp\/v2\/types\/product"}],"wp:featuredmedia":[{"embeddable":true,"href":"https:\/\/innocentiemangonipiante.it\/fr\/wp-json\/wp\/v2\/media\/4626"}],"wp:attachment":[{"href":"https:\/\/innocentiemangonipiante.it\/fr\/wp-json\/wp\/v2\/media?parent=13133"}],"wp:term":[{"taxonomy":"product_brand","embeddable":true,"href":"https:\/\/innocentiemangonipiante.it\/fr\/wp-json\/wp\/v2\/product_brand?post=13133"},{"taxonomy":"product_cat","embeddable":true,"href":"https:\/\/innocentiemangonipiante.it\/fr\/wp-json\/wp\/v2\/product_cat?post=13133"},{"taxonomy":"product_tag","embeddable":true,"href":"https:\/\/innocentiemangonipiante.it\/fr\/wp-json\/wp\/v2\/product_tag?post=13133"}],"curies":[{"name":"wp","href":"https:\/\/api.w.org\/{rel}","templated":true}]}}