{"id":13135,"date":"2023-11-04T02:22:34","date_gmt":"2023-11-04T01:22:34","guid":{"rendered":"http:\/\/innocentiemangonipiante.it\/pinus-nigra-brepo\/"},"modified":"2023-11-06T15:33:58","modified_gmt":"2023-11-06T14:33:58","slug":"pinus-nigra-brepo","status":"publish","type":"product","link":"https:\/\/innocentiemangonipiante.it\/fr\/pinus-nigra-brepo\/","title":{"rendered":"PINUS nigra &lsquo;Brepo&rsquo; \u00ae"},"content":{"rendered":"<p>Conif\u00e8re nain, compact, \u00e0 la forme naturellement sph\u00e9rique. Au printemps, apparaissent une multitude de nouveaux jets gris, contrastant avec le feuillage de couleur vert fonc\u00e9. Aiguilles de 5 \u00e0 7 cm. (S\u00e9lection plusieurs fois d\u00e9cor\u00e9e avec la m\u00e9daille d\u2019or en tant que meilleur conif\u00e8re au cours des diff\u00e9rentes foires repr\u00e9sentatives du secteur).<\/p>\n","protected":false},"excerpt":{"rendered":"<p>Conif\u00e8re nain, compact, \u00e0 la forme naturellement sph\u00e9rique. Au printemps, apparaissent une multitude de nouveaux jets gris, contrastant avec le feuillage de couleur vert fonc\u00e9. Aiguilles de 5 \u00e0 7 cm. (S\u00e9lection plusieurs fois d\u00e9cor\u00e9e avec la m\u00e9daille d\u2019or en tant que meilleur conif\u00e8re au cours des diff\u00e9rentes foires repr\u00e9sentatives du secteur).<\/p>\n","protected":false},"featured_media":4619,"template":"","meta":{"_acf_changed":false},"product_brand":[],"product_cat":[8824],"product_tag":[10897,8497,6255,6263,8735],"class_list":{"0":"post-13135","1":"product","2":"type-product","3":"status-publish","4":"has-post-thumbnail","6":"product_cat-coniferes","7":"product_tag-naturelle","8":"product_tag-cepee-remontee","9":"product_tag-demi-tige","10":"product_tag-pompons-fr","11":"product_tag-quart-de-tige","12":"pa_altezza-massima-150-fr","13":"pa_altezza-massima-200-fr","14":"pa_condizionamento-bac-d-orangerie","15":"pa_condizionamento-clt-fr","16":"pa_condizionamento-coupe-fr","17":"pa_condizionamento-motte","18":"pa_famiglia-pinaceae-fr","19":"pa_genere-pinus-fr","20":"pa_inquinamento-resistance-a-la-pollution","21":"pa_origine-suisse","22":"pa_portamento-arrondi","23":"pa_resistenza-climatica-tres-elevee","24":"pa_resistenza-del-suolo-resistant-aux-sols-calcaires","25":"pa_resistenza-del-suolo-resistant-aux-sols-secs","26":"pa_salinita-resistance-a-la-salinisation","27":"pa_utilizzo-balcons","28":"pa_utilizzo-petits-jardins","30":"first","31":"instock","32":"purchasable","33":"product-type-simple"},"acf":[],"_links":{"self":[{"href":"https:\/\/innocentiemangonipiante.it\/fr\/wp-json\/wp\/v2\/product\/13135","targetHints":{"allow":["GET"]}}],"collection":[{"href":"https:\/\/innocentiemangonipiante.it\/fr\/wp-json\/wp\/v2\/product"}],"about":[{"href":"https:\/\/innocentiemangonipiante.it\/fr\/wp-json\/wp\/v2\/types\/product"}],"wp:featuredmedia":[{"embeddable":true,"href":"https:\/\/innocentiemangonipiante.it\/fr\/wp-json\/wp\/v2\/media\/4619"}],"wp:attachment":[{"href":"https:\/\/innocentiemangonipiante.it\/fr\/wp-json\/wp\/v2\/media?parent=13135"}],"wp:term":[{"taxonomy":"product_brand","embeddable":true,"href":"https:\/\/innocentiemangonipiante.it\/fr\/wp-json\/wp\/v2\/product_brand?post=13135"},{"taxonomy":"product_cat","embeddable":true,"href":"https:\/\/innocentiemangonipiante.it\/fr\/wp-json\/wp\/v2\/product_cat?post=13135"},{"taxonomy":"product_tag","embeddable":true,"href":"https:\/\/innocentiemangonipiante.it\/fr\/wp-json\/wp\/v2\/product_tag?post=13135"}],"curies":[{"name":"wp","href":"https:\/\/api.w.org\/{rel}","templated":true}]}}