{"id":13136,"date":"2023-11-04T02:22:22","date_gmt":"2023-11-04T01:22:22","guid":{"rendered":"http:\/\/innocentiemangonipiante.it\/pinus-nigra-bambino\/"},"modified":"2023-11-06T15:33:44","modified_gmt":"2023-11-06T14:33:44","slug":"pinus-nigra-bambino","status":"publish","type":"product","link":"https:\/\/innocentiemangonipiante.it\/fr\/pinus-nigra-bambino\/","title":{"rendered":"PINUS nigra &lsquo;Bambino&rsquo; \u00ae"},"content":{"rendered":"<p>Conif\u00e8re au port dense et arrondi. Les aiguilles, de couleur vert fonc\u00e9, r\u00e9unies en groupes sont d\u2019une longueur de 4-5 cm.<\/p>\n","protected":false},"excerpt":{"rendered":"<p>Conif\u00e8re au port dense et arrondi. Les aiguilles, de couleur vert fonc\u00e9, r\u00e9unies en groupes sont d\u2019une longueur de 4-5 cm.<\/p>\n","protected":false},"featured_media":4613,"template":"","meta":{"_acf_changed":false},"product_brand":[],"product_cat":[8824],"product_tag":[10897,6255,8735],"class_list":{"0":"post-13136","1":"product","2":"type-product","3":"status-publish","4":"has-post-thumbnail","6":"product_cat-coniferes","7":"product_tag-naturelle","8":"product_tag-demi-tige","9":"product_tag-quart-de-tige","10":"pa_altezza-massima-0_80-metres","11":"pa_altezza-massima-130-fr","12":"pa_condizionamento-clt-fr","13":"pa_condizionamento-motte","14":"pa_famiglia-pinaceae-fr","15":"pa_genere-pinus-fr","16":"pa_inquinamento-resistance-a-la-pollution","17":"pa_origine-suisse","18":"pa_portamento-arrondi","19":"pa_resistenza-climatica-tres-elevee","20":"pa_resistenza-del-suolo-resistant-aux-sols-calcaires","21":"pa_resistenza-del-suolo-resistant-aux-sols-secs","22":"pa_salinita-resistance-a-la-salinisation","23":"pa_utilizzo-balcons","24":"pa_utilizzo-petits-jardins","26":"first","27":"instock","28":"purchasable","29":"product-type-simple"},"acf":[],"_links":{"self":[{"href":"https:\/\/innocentiemangonipiante.it\/fr\/wp-json\/wp\/v2\/product\/13136","targetHints":{"allow":["GET"]}}],"collection":[{"href":"https:\/\/innocentiemangonipiante.it\/fr\/wp-json\/wp\/v2\/product"}],"about":[{"href":"https:\/\/innocentiemangonipiante.it\/fr\/wp-json\/wp\/v2\/types\/product"}],"wp:featuredmedia":[{"embeddable":true,"href":"https:\/\/innocentiemangonipiante.it\/fr\/wp-json\/wp\/v2\/media\/4613"}],"wp:attachment":[{"href":"https:\/\/innocentiemangonipiante.it\/fr\/wp-json\/wp\/v2\/media?parent=13136"}],"wp:term":[{"taxonomy":"product_brand","embeddable":true,"href":"https:\/\/innocentiemangonipiante.it\/fr\/wp-json\/wp\/v2\/product_brand?post=13136"},{"taxonomy":"product_cat","embeddable":true,"href":"https:\/\/innocentiemangonipiante.it\/fr\/wp-json\/wp\/v2\/product_cat?post=13136"},{"taxonomy":"product_tag","embeddable":true,"href":"https:\/\/innocentiemangonipiante.it\/fr\/wp-json\/wp\/v2\/product_tag?post=13136"}],"curies":[{"name":"wp","href":"https:\/\/api.w.org\/{rel}","templated":true}]}}