{"id":13137,"date":"2023-11-04T02:22:16","date_gmt":"2023-11-04T01:22:16","guid":{"rendered":"http:\/\/innocentiemangonipiante.it\/pinus-nigra-austriaca\/"},"modified":"2023-11-06T15:33:39","modified_gmt":"2023-11-06T14:33:39","slug":"pinus-nigra-austriaca","status":"publish","type":"product","link":"https:\/\/innocentiemangonipiante.it\/fr\/pinus-nigra-austriaca\/","title":{"rendered":"PINUS nigra &lsquo;Austriaca&rsquo;"},"content":{"rendered":"<p>\u201cPin noir d\u2019Autriche\u201d. Conif\u00e8re \u00e0 cupule. Les branches sont amples l\u2019\u00e9corce est marron et noire. Les aiguilles sont droites, de couleur vert fonc\u00e9, en paire. Donne des c\u00f4nes femelles d\u2019une longueur de 6 \u00e0 8 cm de couleur jaune-marron.<\/p>\n","protected":false},"excerpt":{"rendered":"<p>\u201cPin noir d\u2019Autriche\u201d. Conif\u00e8re \u00e0 cupule. Les branches sont amples l\u2019\u00e9corce est marron et noire. Les aiguilles sont droites, de couleur vert fonc\u00e9, en paire. Donne des c\u00f4nes femelles d\u2019une longueur de 6 \u00e0 8 cm de couleur jaune-marron.<\/p>\n","protected":false},"featured_media":4607,"template":"","meta":{"_acf_changed":false},"product_brand":[],"product_cat":[8824],"product_tag":[10897,6252,6263,8400],"class_list":{"0":"post-13137","1":"product","2":"type-product","3":"status-publish","4":"has-post-thumbnail","6":"product_cat-coniferes","7":"product_tag-naturelle","8":"product_tag-bonsai-fr","9":"product_tag-pompons-fr","10":"product_tag-tige","11":"pa_altezza-massima-20-metres","12":"pa_altezza-massima-30-metres","13":"pa_colore-delle-foglie-grises","14":"pa_condizionamento-clt-fr","15":"pa_condizionamento-vs-fr","16":"pa_condizionamento-motte","17":"pa_famiglia-pinaceae-fr","18":"pa_genere-pinus-fr","19":"pa_inquinamento-resistance-a-la-pollution","20":"pa_origine-europe-centrale","21":"pa_portamento-piramidale-fr","22":"pa_resistenza-climatica-tres-elevee","23":"pa_resistenza-del-suolo-resistant-aux-sols-calcaires","24":"pa_resistenza-del-suolo-resistant-aux-sols-secs","25":"pa_salinita-resistance-a-la-salinisation","26":"pa_utilizzo-parcs","28":"first","29":"instock","30":"purchasable","31":"product-type-simple"},"acf":[],"_links":{"self":[{"href":"https:\/\/innocentiemangonipiante.it\/fr\/wp-json\/wp\/v2\/product\/13137","targetHints":{"allow":["GET"]}}],"collection":[{"href":"https:\/\/innocentiemangonipiante.it\/fr\/wp-json\/wp\/v2\/product"}],"about":[{"href":"https:\/\/innocentiemangonipiante.it\/fr\/wp-json\/wp\/v2\/types\/product"}],"wp:featuredmedia":[{"embeddable":true,"href":"https:\/\/innocentiemangonipiante.it\/fr\/wp-json\/wp\/v2\/media\/4607"}],"wp:attachment":[{"href":"https:\/\/innocentiemangonipiante.it\/fr\/wp-json\/wp\/v2\/media?parent=13137"}],"wp:term":[{"taxonomy":"product_brand","embeddable":true,"href":"https:\/\/innocentiemangonipiante.it\/fr\/wp-json\/wp\/v2\/product_brand?post=13137"},{"taxonomy":"product_cat","embeddable":true,"href":"https:\/\/innocentiemangonipiante.it\/fr\/wp-json\/wp\/v2\/product_cat?post=13137"},{"taxonomy":"product_tag","embeddable":true,"href":"https:\/\/innocentiemangonipiante.it\/fr\/wp-json\/wp\/v2\/product_tag?post=13137"}],"curies":[{"name":"wp","href":"https:\/\/api.w.org\/{rel}","templated":true}]}}