{"id":13139,"date":"2023-11-04T02:21:49","date_gmt":"2023-11-04T01:21:49","guid":{"rendered":"http:\/\/innocentiemangonipiante.it\/pinus-mugo-pumilio\/"},"modified":"2023-11-06T15:33:24","modified_gmt":"2023-11-06T14:33:24","slug":"pinus-mugo-pumilio","status":"publish","type":"product","link":"https:\/\/innocentiemangonipiante.it\/fr\/pinus-mugo-pumilio\/","title":{"rendered":"PINUS mugo &lsquo;Pumilio&rsquo;"},"content":{"rendered":"<p>Les aiguilles sont vertes, en paire. En hiver, les extr\u00e9mit\u00e9s se colorent de rouge-brun. La croissance est lente. Donne des c\u00f4nes femelles ovo\u00efdaux de couleur marron fonc\u00e9.<\/p>\n","protected":false},"excerpt":{"rendered":"<p>Les aiguilles sont vertes, en paire. En hiver, les extr\u00e9mit\u00e9s se colorent de rouge-brun. La croissance est lente. Donne des c\u00f4nes femelles ovo\u00efdaux de couleur marron fonc\u00e9.<\/p>\n","protected":false},"featured_media":4589,"template":"","meta":{"_acf_changed":false},"product_brand":[],"product_cat":[8824,9230],"product_tag":[10897],"class_list":{"0":"post-13139","1":"product","2":"type-product","3":"status-publish","4":"has-post-thumbnail","6":"product_cat-coniferes","7":"product_cat-arbres-et-plantes-du-futur","8":"product_tag-naturelle","9":"pa_altezza-massima-100-fr","10":"pa_altezza-massima-150-fr","11":"pa_condizionamento-clt-fr","12":"pa_condizionamento-vs-fr","13":"pa_famiglia-pinaceae-fr","14":"pa_genere-pinus-fr","15":"pa_inquinamento-resistance-a-la-pollution","16":"pa_origine-europe-centrale","17":"pa_portamento-arrondi","18":"pa_resistenza-climatica-tres-elevee","19":"pa_resistenza-del-suolo-resistant-aux-sols-calcaires","20":"pa_salinita-resistance-a-la-salinisation","21":"pa_utilizzo-balcons","22":"pa_utilizzo-petits-jardins","24":"first","25":"instock","26":"purchasable","27":"product-type-simple"},"acf":[],"_links":{"self":[{"href":"https:\/\/innocentiemangonipiante.it\/fr\/wp-json\/wp\/v2\/product\/13139","targetHints":{"allow":["GET"]}}],"collection":[{"href":"https:\/\/innocentiemangonipiante.it\/fr\/wp-json\/wp\/v2\/product"}],"about":[{"href":"https:\/\/innocentiemangonipiante.it\/fr\/wp-json\/wp\/v2\/types\/product"}],"wp:featuredmedia":[{"embeddable":true,"href":"https:\/\/innocentiemangonipiante.it\/fr\/wp-json\/wp\/v2\/media\/4589"}],"wp:attachment":[{"href":"https:\/\/innocentiemangonipiante.it\/fr\/wp-json\/wp\/v2\/media?parent=13139"}],"wp:term":[{"taxonomy":"product_brand","embeddable":true,"href":"https:\/\/innocentiemangonipiante.it\/fr\/wp-json\/wp\/v2\/product_brand?post=13139"},{"taxonomy":"product_cat","embeddable":true,"href":"https:\/\/innocentiemangonipiante.it\/fr\/wp-json\/wp\/v2\/product_cat?post=13139"},{"taxonomy":"product_tag","embeddable":true,"href":"https:\/\/innocentiemangonipiante.it\/fr\/wp-json\/wp\/v2\/product_tag?post=13139"}],"curies":[{"name":"wp","href":"https:\/\/api.w.org\/{rel}","templated":true}]}}