{"id":13140,"date":"2023-11-04T02:21:42","date_gmt":"2023-11-04T01:21:42","guid":{"rendered":"http:\/\/innocentiemangonipiante.it\/pinus-mugo-mughus\/"},"modified":"2023-11-06T15:33:21","modified_gmt":"2023-11-06T14:33:21","slug":"pinus-mugo-mughus","status":"publish","type":"product","link":"https:\/\/innocentiemangonipiante.it\/fr\/pinus-mugo-mughus\/","title":{"rendered":"PINUS mugo &lsquo;Mughus&rsquo;"},"content":{"rendered":"<p>Conif\u00e8re au port arrondi et largement ample. Les aiguilles sont rares, de couleur vert sombre, en paires. La croissance est lente en hiver, les aiguilles se colorent de rouge-brun au sommet. Donne des c\u00f4nes femelles ovo\u00efdaux de couleur marron fonc\u00e9 d\u2019une longueur de 2 \u00e0 6 cm.<\/p>\n","protected":false},"excerpt":{"rendered":"<p>Conif\u00e8re au port arrondi et largement ample. Les aiguilles sont rares, de couleur vert sombre, en paires. La croissance est lente en hiver, les aiguilles se colorent de rouge-brun au sommet. Donne des c\u00f4nes femelles ovo\u00efdaux de couleur marron fonc\u00e9 d\u2019une longueur de 2 \u00e0 6 cm.<\/p>\n","protected":false},"featured_media":4583,"template":"","meta":{"_acf_changed":false},"product_brand":[],"product_cat":[8824,9230],"product_tag":[10897,6252,6263],"class_list":{"0":"post-13140","1":"product","2":"type-product","3":"status-publish","4":"has-post-thumbnail","6":"product_cat-coniferes","7":"product_cat-arbres-et-plantes-du-futur","8":"product_tag-naturelle","9":"product_tag-bonsai-fr","10":"product_tag-pompons-fr","11":"pa_altezza-massima-300-fr-2","12":"pa_altezza-massima-400-fr","13":"pa_condizionamento-clt-fr","14":"pa_condizionamento-coupe-fr","15":"pa_condizionamento-pot-de-couleur-rouille","16":"pa_condizionamento-vs-fr","17":"pa_condizionamento-motte","18":"pa_famiglia-pinaceae-fr","19":"pa_genere-pinus-fr","20":"pa_inquinamento-resistance-a-la-pollution","21":"pa_origine-europe-centrale","22":"pa_portamento-arrondi","23":"pa_resistenza-climatica-tres-elevee","24":"pa_resistenza-del-suolo-resistant-aux-sols-calcaires","25":"pa_salinita-resistance-a-la-salinisation","26":"pa_utilizzo-parcs","27":"pa_utilizzo-petits-jardins","29":"first","30":"instock","31":"purchasable","32":"product-type-simple"},"acf":[],"_links":{"self":[{"href":"https:\/\/innocentiemangonipiante.it\/fr\/wp-json\/wp\/v2\/product\/13140","targetHints":{"allow":["GET"]}}],"collection":[{"href":"https:\/\/innocentiemangonipiante.it\/fr\/wp-json\/wp\/v2\/product"}],"about":[{"href":"https:\/\/innocentiemangonipiante.it\/fr\/wp-json\/wp\/v2\/types\/product"}],"wp:featuredmedia":[{"embeddable":true,"href":"https:\/\/innocentiemangonipiante.it\/fr\/wp-json\/wp\/v2\/media\/4583"}],"wp:attachment":[{"href":"https:\/\/innocentiemangonipiante.it\/fr\/wp-json\/wp\/v2\/media?parent=13140"}],"wp:term":[{"taxonomy":"product_brand","embeddable":true,"href":"https:\/\/innocentiemangonipiante.it\/fr\/wp-json\/wp\/v2\/product_brand?post=13140"},{"taxonomy":"product_cat","embeddable":true,"href":"https:\/\/innocentiemangonipiante.it\/fr\/wp-json\/wp\/v2\/product_cat?post=13140"},{"taxonomy":"product_tag","embeddable":true,"href":"https:\/\/innocentiemangonipiante.it\/fr\/wp-json\/wp\/v2\/product_tag?post=13140"}],"curies":[{"name":"wp","href":"https:\/\/api.w.org\/{rel}","templated":true}]}}