{"id":13141,"date":"2023-11-04T02:21:35","date_gmt":"2023-11-04T01:21:35","guid":{"rendered":"http:\/\/innocentiemangonipiante.it\/pinus-mugo-mops\/"},"modified":"2023-11-06T15:33:18","modified_gmt":"2023-11-06T14:33:18","slug":"pinus-mugo-mops","status":"publish","type":"product","link":"https:\/\/innocentiemangonipiante.it\/fr\/pinus-mugo-mops\/","title":{"rendered":"PINUS mugo &lsquo;Mops&rsquo;"},"content":{"rendered":"<p>Conif\u00e8re au port nain arrondi, devient irr\u00e9gulier en formant un large coussin. Les branches sont courtes et compactes, les aiguilles en groupes de 2 sont tr\u00e8s courtes et de couleur vert fonc\u00e9.<\/p>\n","protected":false},"excerpt":{"rendered":"<p>Conif\u00e8re au port nain arrondi, devient irr\u00e9gulier en formant un large coussin. Les branches sont courtes et compactes, les aiguilles en groupes de 2 sont tr\u00e8s courtes et de couleur vert fonc\u00e9.<\/p>\n","protected":false},"featured_media":4577,"template":"","meta":{"_acf_changed":false},"product_brand":[],"product_cat":[8824,9230],"product_tag":[10897,6252,8497,6255,6263,8735],"class_list":{"0":"post-13141","1":"product","2":"type-product","3":"status-publish","4":"has-post-thumbnail","6":"product_cat-coniferes","7":"product_cat-arbres-et-plantes-du-futur","8":"product_tag-naturelle","9":"product_tag-bonsai-fr","10":"product_tag-cepee-remontee","11":"product_tag-demi-tige","12":"product_tag-pompons-fr","13":"product_tag-quart-de-tige","14":"pa_altezza-massima-150-fr","15":"pa_altezza-massima-200-fr","16":"pa_condizionamento-bac-d-orangerie","17":"pa_condizionamento-clt-fr","18":"pa_condizionamento-pot-de-couleur-rouille","19":"pa_condizionamento-vs-fr","20":"pa_condizionamento-motte","21":"pa_famiglia-pinaceae-fr","22":"pa_genere-pinus-fr","23":"pa_inquinamento-resistance-a-la-pollution","24":"pa_origine-allemagne","25":"pa_portamento-arrondi","26":"pa_resistenza-climatica-tres-elevee","27":"pa_resistenza-del-suolo-resistant-aux-sols-calcaires","28":"pa_salinita-resistance-a-la-salinisation","29":"pa_utilizzo-petits-jardins","31":"first","32":"instock","33":"purchasable","34":"product-type-simple"},"acf":[],"_links":{"self":[{"href":"https:\/\/innocentiemangonipiante.it\/fr\/wp-json\/wp\/v2\/product\/13141","targetHints":{"allow":["GET"]}}],"collection":[{"href":"https:\/\/innocentiemangonipiante.it\/fr\/wp-json\/wp\/v2\/product"}],"about":[{"href":"https:\/\/innocentiemangonipiante.it\/fr\/wp-json\/wp\/v2\/types\/product"}],"wp:featuredmedia":[{"embeddable":true,"href":"https:\/\/innocentiemangonipiante.it\/fr\/wp-json\/wp\/v2\/media\/4577"}],"wp:attachment":[{"href":"https:\/\/innocentiemangonipiante.it\/fr\/wp-json\/wp\/v2\/media?parent=13141"}],"wp:term":[{"taxonomy":"product_brand","embeddable":true,"href":"https:\/\/innocentiemangonipiante.it\/fr\/wp-json\/wp\/v2\/product_brand?post=13141"},{"taxonomy":"product_cat","embeddable":true,"href":"https:\/\/innocentiemangonipiante.it\/fr\/wp-json\/wp\/v2\/product_cat?post=13141"},{"taxonomy":"product_tag","embeddable":true,"href":"https:\/\/innocentiemangonipiante.it\/fr\/wp-json\/wp\/v2\/product_tag?post=13141"}],"curies":[{"name":"wp","href":"https:\/\/api.w.org\/{rel}","templated":true}]}}