{"id":13144,"date":"2023-11-04T02:21:17","date_gmt":"2023-11-04T01:21:17","guid":{"rendered":"http:\/\/innocentiemangonipiante.it\/pinus-mugo-columbo\/"},"modified":"2023-11-06T15:33:11","modified_gmt":"2023-11-06T14:33:11","slug":"pinus-mugo-columbo","status":"publish","type":"product","link":"https:\/\/innocentiemangonipiante.it\/fr\/pinus-mugo-columbo\/","title":{"rendered":"PINUS mugo &lsquo;Columbo&rsquo;"},"content":{"rendered":"<p>Cultivar au port dense et \u00e9rig\u00e9. Il produit de petits c\u00f4nes tr\u00e8s attrayants.<\/p>\n","protected":false},"excerpt":{"rendered":"<p>Cultivar au port dense et \u00e9rig\u00e9. Il produit de petits c\u00f4nes tr\u00e8s attrayants.<\/p>\n","protected":false},"featured_media":4569,"template":"","meta":{"_acf_changed":false},"product_brand":[],"product_cat":[8824,9230],"product_tag":[10897],"class_list":{"0":"post-13144","1":"product","2":"type-product","3":"status-publish","4":"has-post-thumbnail","6":"product_cat-coniferes","7":"product_cat-arbres-et-plantes-du-futur","8":"product_tag-naturelle","9":"pa_altezza-massima-200-fr","10":"pa_altezza-massima-300-fr-2","11":"pa_condizionamento-clt-fr","12":"pa_famiglia-pinaceae-fr","13":"pa_genere-pinus-fr","14":"pa_inquinamento-resistance-a-la-pollution","15":"pa_origine-europe-fr","16":"pa_portamento-de-colonne","17":"pa_resistenza-climatica-tres-elevee","18":"pa_resistenza-del-suolo-resistant-aux-sols-calcaires","19":"pa_resistenza-del-suolo-resistant-aux-sols-secs","20":"pa_salinita-resistance-a-la-salinisation","21":"pa_utilizzo-petits-jardins","23":"first","24":"instock","25":"purchasable","26":"product-type-simple"},"acf":[],"_links":{"self":[{"href":"https:\/\/innocentiemangonipiante.it\/fr\/wp-json\/wp\/v2\/product\/13144","targetHints":{"allow":["GET"]}}],"collection":[{"href":"https:\/\/innocentiemangonipiante.it\/fr\/wp-json\/wp\/v2\/product"}],"about":[{"href":"https:\/\/innocentiemangonipiante.it\/fr\/wp-json\/wp\/v2\/types\/product"}],"wp:featuredmedia":[{"embeddable":true,"href":"https:\/\/innocentiemangonipiante.it\/fr\/wp-json\/wp\/v2\/media\/4569"}],"wp:attachment":[{"href":"https:\/\/innocentiemangonipiante.it\/fr\/wp-json\/wp\/v2\/media?parent=13144"}],"wp:term":[{"taxonomy":"product_brand","embeddable":true,"href":"https:\/\/innocentiemangonipiante.it\/fr\/wp-json\/wp\/v2\/product_brand?post=13144"},{"taxonomy":"product_cat","embeddable":true,"href":"https:\/\/innocentiemangonipiante.it\/fr\/wp-json\/wp\/v2\/product_cat?post=13144"},{"taxonomy":"product_tag","embeddable":true,"href":"https:\/\/innocentiemangonipiante.it\/fr\/wp-json\/wp\/v2\/product_tag?post=13144"}],"curies":[{"name":"wp","href":"https:\/\/api.w.org\/{rel}","templated":true}]}}