{"id":13145,"date":"2023-11-04T02:20:35","date_gmt":"2023-11-04T01:20:35","guid":{"rendered":"http:\/\/innocentiemangonipiante.it\/pinus-halepensis\/"},"modified":"2023-11-06T15:32:50","modified_gmt":"2023-11-06T14:32:50","slug":"pinus-halepensis","status":"publish","type":"product","link":"https:\/\/innocentiemangonipiante.it\/fr\/pinus-halepensis\/","title":{"rendered":"PINUS halepensis"},"content":{"rendered":"<p>\u201cPin d\u2019Alep\u201d. Conif\u00e8re au port conique, \u00e9corce rouge-marron, aiguilles fines rares de couleur vert brillant en paires d\u2019une longueur de 6 \u00e0 11 cm. Donne des c\u00f4nes femelles ovo\u00efdaux d\u2019une longueur de 5 \u00e0 12 cm de couleur rouge-marron.<\/p>\n","protected":false},"excerpt":{"rendered":"<p>\u201cPin d\u2019Alep\u201d. Conif\u00e8re au port conique, \u00e9corce rouge-marron, aiguilles fines rares de couleur vert brillant en paires d\u2019une longueur de 6 \u00e0 11 cm. Donne des c\u00f4nes femelles ovo\u00efdaux d\u2019une longueur de 5 \u00e0 12 cm de couleur rouge-marron.<\/p>\n","protected":false},"featured_media":4563,"template":"","meta":{"_acf_changed":false},"product_brand":[],"product_cat":[8824,9230],"product_tag":[10897,8596,8400],"class_list":{"0":"post-13145","1":"product","2":"type-product","3":"status-publish","4":"has-post-thumbnail","6":"product_cat-coniferes","7":"product_cat-arbres-et-plantes-du-futur","8":"product_tag-naturelle","9":"product_tag-cepee","10":"product_tag-tige","11":"pa_altezza-massima-15-metres","12":"pa_altezza-massima-20-metres","13":"pa_condizionamento-clt-fr","14":"pa_condizionamento-vs-fr","15":"pa_famiglia-pinaceae-fr","16":"pa_genere-pinus-fr","17":"pa_inquinamento-resistance-a-la-pollution","18":"pa_origine-europe-mediterraneenne","19":"pa_portamento-arrondi","20":"pa_resistenza-climatica-moyenne-elevee","21":"pa_salinita-resistance-a-la-salinisation","22":"pa_utilizzo-parcs","24":"first","25":"instock","26":"purchasable","27":"product-type-simple"},"acf":[],"_links":{"self":[{"href":"https:\/\/innocentiemangonipiante.it\/fr\/wp-json\/wp\/v2\/product\/13145","targetHints":{"allow":["GET"]}}],"collection":[{"href":"https:\/\/innocentiemangonipiante.it\/fr\/wp-json\/wp\/v2\/product"}],"about":[{"href":"https:\/\/innocentiemangonipiante.it\/fr\/wp-json\/wp\/v2\/types\/product"}],"wp:featuredmedia":[{"embeddable":true,"href":"https:\/\/innocentiemangonipiante.it\/fr\/wp-json\/wp\/v2\/media\/4563"}],"wp:attachment":[{"href":"https:\/\/innocentiemangonipiante.it\/fr\/wp-json\/wp\/v2\/media?parent=13145"}],"wp:term":[{"taxonomy":"product_brand","embeddable":true,"href":"https:\/\/innocentiemangonipiante.it\/fr\/wp-json\/wp\/v2\/product_brand?post=13145"},{"taxonomy":"product_cat","embeddable":true,"href":"https:\/\/innocentiemangonipiante.it\/fr\/wp-json\/wp\/v2\/product_cat?post=13145"},{"taxonomy":"product_tag","embeddable":true,"href":"https:\/\/innocentiemangonipiante.it\/fr\/wp-json\/wp\/v2\/product_tag?post=13145"}],"curies":[{"name":"wp","href":"https:\/\/api.w.org\/{rel}","templated":true}]}}