{"id":13146,"date":"2023-11-04T02:25:48","date_gmt":"2023-11-04T01:25:48","guid":{"rendered":"http:\/\/innocentiemangonipiante.it\/pistacia-lentiscus\/"},"modified":"2023-11-06T15:36:03","modified_gmt":"2023-11-06T14:36:03","slug":"pistacia-lentiscus","status":"publish","type":"product","link":"https:\/\/innocentiemangonipiante.it\/fr\/pistacia-lentiscus\/","title":{"rendered":"PISTACIA lentiscus"},"content":{"rendered":"<p>Arbuste ou petit arbre persistant avec des feuilles penn\u00e9es brillantes de couleur vert fonc\u00e9. \u00c0 la fin du printemps, il produit des fleurs en \u00e9paisses panicules suivies par fruits \u00e0 baie de couleur rouge.<\/p>\n","protected":false},"excerpt":{"rendered":"<p>Arbuste ou petit arbre persistant avec des feuilles penn\u00e9es brillantes de couleur vert fonc\u00e9. \u00c0 la fin du printemps, il produit des fleurs en \u00e9paisses panicules suivies par fruits \u00e0 baie de couleur rouge.<\/p>\n","protected":false},"featured_media":4682,"template":"","meta":{"_acf_changed":false},"product_brand":[],"product_cat":[8817,9230],"product_tag":[10897,6265,8596],"class_list":{"0":"post-13146","1":"product","2":"type-product","3":"status-publish","4":"has-post-thumbnail","6":"product_cat-arbres-et-arbustes-persistants","7":"product_cat-arbres-et-plantes-du-futur","8":"product_tag-naturelle","9":"product_tag-boule","10":"product_tag-cepee","11":"pa_altezza-massima-300-fr-2","12":"pa_altezza-massima-400-fr","13":"pa_colore-fioritura-blanc","14":"pa_condizionamento-clt-fr","15":"pa_condizionamento-vs-fr","16":"pa_famiglia-anacardiaceae-fr","17":"pa_genere-pistacia-fr","18":"pa_origine-maroc","19":"pa_periodo-fioritura-mai","20":"pa_periodo-fruttificazione-juillet","21":"pa_portamento-cespuglioso-fr","22":"pa_resistenza-climatica-moyenne","23":"pa_resistenza-del-suolo-resistant-aux-sols-calcaires","24":"pa_resistenza-del-suolo-resistant-aux-sols-secs","25":"pa_salinita-resistance-a-la-salinisation","26":"pa_utilizzo-avenues-fr","27":"pa_utilizzo-haies","28":"pa_utilizzo-parcs","30":"first","31":"instock","32":"purchasable","33":"product-type-simple"},"acf":[],"_links":{"self":[{"href":"https:\/\/innocentiemangonipiante.it\/fr\/wp-json\/wp\/v2\/product\/13146","targetHints":{"allow":["GET"]}}],"collection":[{"href":"https:\/\/innocentiemangonipiante.it\/fr\/wp-json\/wp\/v2\/product"}],"about":[{"href":"https:\/\/innocentiemangonipiante.it\/fr\/wp-json\/wp\/v2\/types\/product"}],"wp:featuredmedia":[{"embeddable":true,"href":"https:\/\/innocentiemangonipiante.it\/fr\/wp-json\/wp\/v2\/media\/4682"}],"wp:attachment":[{"href":"https:\/\/innocentiemangonipiante.it\/fr\/wp-json\/wp\/v2\/media?parent=13146"}],"wp:term":[{"taxonomy":"product_brand","embeddable":true,"href":"https:\/\/innocentiemangonipiante.it\/fr\/wp-json\/wp\/v2\/product_brand?post=13146"},{"taxonomy":"product_cat","embeddable":true,"href":"https:\/\/innocentiemangonipiante.it\/fr\/wp-json\/wp\/v2\/product_cat?post=13146"},{"taxonomy":"product_tag","embeddable":true,"href":"https:\/\/innocentiemangonipiante.it\/fr\/wp-json\/wp\/v2\/product_tag?post=13146"}],"curies":[{"name":"wp","href":"https:\/\/api.w.org\/{rel}","templated":true}]}}