{"id":13147,"date":"2023-11-04T02:25:42","date_gmt":"2023-11-04T01:25:42","guid":{"rendered":"http:\/\/innocentiemangonipiante.it\/pistacia-chinensis\/"},"modified":"2023-11-06T15:36:00","modified_gmt":"2023-11-06T14:36:00","slug":"pistacia-chinensis","status":"publish","type":"product","link":"https:\/\/innocentiemangonipiante.it\/fr\/pistacia-chinensis\/","title":{"rendered":"PISTACIA chinensis"},"content":{"rendered":"<p>Arbre de moyennes dimensions, r\u00e9sistent aussi en sols pauvres. Feuillage caduque, feuilles de 20-25 cm de longueur. Fleurs en panicules de 15-20 cm \u00e0 la fin des branches, petits fruits. Esp\u00e8ce indiqu\u00e9e pour les plantations des boulevards, joli feuillage automnale.<\/p>\n","protected":false},"excerpt":{"rendered":"<p>Arbre de moyennes dimensions, r\u00e9sistent aussi en sols pauvres. Feuillage caduque, feuilles de 20-25 cm de longueur. Fleurs en panicules de 15-20 cm \u00e0 la fin des branches, petits fruits. Esp\u00e8ce indiqu\u00e9e pour les plantations des boulevards, joli feuillage automnale.<\/p>\n","protected":false},"featured_media":4676,"template":"","meta":{"_acf_changed":false},"product_brand":[],"product_cat":[8817,9230],"product_tag":[10897,8400],"class_list":{"0":"post-13147","1":"product","2":"type-product","3":"status-publish","4":"has-post-thumbnail","6":"product_cat-arbres-et-arbustes-persistants","7":"product_cat-arbres-et-plantes-du-futur","8":"product_tag-naturelle","9":"product_tag-tige","10":"pa_altezza-massima-800-fr","11":"pa_altezza-massima-1000-fr-2","12":"pa_colore-fioritura-blanc","13":"pa_condizionamento-motte","14":"pa_famiglia-anacardiaceae-fr","15":"pa_genere-pistacia-fr","16":"pa_origine-chine","17":"pa_periodo-fioritura-mai","18":"pa_portamento-allargato-fr","19":"pa_resistenza-climatica-moyenne","20":"pa_resistenza-del-suolo-resistant-aux-sols-pauvres","21":"pa_utilizzo-avenues-fr","22":"pa_utilizzo-parcs","24":"first","25":"instock","26":"purchasable","27":"product-type-simple"},"acf":[],"_links":{"self":[{"href":"https:\/\/innocentiemangonipiante.it\/fr\/wp-json\/wp\/v2\/product\/13147","targetHints":{"allow":["GET"]}}],"collection":[{"href":"https:\/\/innocentiemangonipiante.it\/fr\/wp-json\/wp\/v2\/product"}],"about":[{"href":"https:\/\/innocentiemangonipiante.it\/fr\/wp-json\/wp\/v2\/types\/product"}],"wp:featuredmedia":[{"embeddable":true,"href":"https:\/\/innocentiemangonipiante.it\/fr\/wp-json\/wp\/v2\/media\/4676"}],"wp:attachment":[{"href":"https:\/\/innocentiemangonipiante.it\/fr\/wp-json\/wp\/v2\/media?parent=13147"}],"wp:term":[{"taxonomy":"product_brand","embeddable":true,"href":"https:\/\/innocentiemangonipiante.it\/fr\/wp-json\/wp\/v2\/product_brand?post=13147"},{"taxonomy":"product_cat","embeddable":true,"href":"https:\/\/innocentiemangonipiante.it\/fr\/wp-json\/wp\/v2\/product_cat?post=13147"},{"taxonomy":"product_tag","embeddable":true,"href":"https:\/\/innocentiemangonipiante.it\/fr\/wp-json\/wp\/v2\/product_tag?post=13147"}],"curies":[{"name":"wp","href":"https:\/\/api.w.org\/{rel}","templated":true}]}}