{"id":13148,"date":"2023-11-04T02:26:52","date_gmt":"2023-11-04T01:26:52","guid":{"rendered":"http:\/\/innocentiemangonipiante.it\/pittosporum-tenuifolium-tom-thumb\/"},"modified":"2023-11-06T15:37:11","modified_gmt":"2023-11-06T14:37:11","slug":"pittosporum-tenuifolium-tom-thumb","status":"publish","type":"product","link":"https:\/\/innocentiemangonipiante.it\/fr\/pittosporum-tenuifolium-tom-thumb\/","title":{"rendered":"PITTOSPORUM tenuifolium &lsquo;Tom Thumb&rsquo;"},"content":{"rendered":"<p>Persistant au port compact. Nouvelle feuille ondul\u00e9e de couleur vert l\u00e9ger au printemps. Apr\u00e8s feuille pourpre fonc\u00e9e pendant tout l\u2019ann\u00e9e.<\/p>\n","protected":false},"excerpt":{"rendered":"<p>Persistant au port compact. Nouvelle feuille ondul\u00e9e de couleur vert l\u00e9ger au printemps. Apr\u00e8s feuille pourpre fonc\u00e9e pendant tout l\u2019ann\u00e9e.<\/p>\n","protected":false},"featured_media":4714,"template":"","meta":{"_acf_changed":false},"product_brand":[],"product_cat":[8817],"product_tag":[10897],"class_list":{"0":"post-13148","1":"product","2":"type-product","3":"status-publish","4":"has-post-thumbnail","6":"product_cat-arbres-et-arbustes-persistants","7":"product_tag-naturelle","8":"pa_altezza-massima-0_50-metres","9":"pa_altezza-massima-100-fr","10":"pa_colore-delle-foglie-rouge","11":"pa_colore-fioritura-rouge","12":"pa_condizionamento-clt-fr","13":"pa_condizionamento-vs-fr","14":"pa_famiglia-pittosporaceae-fr","15":"pa_genere-pittosporum-fr","16":"pa_origine-nouvelle-zelande-fr","17":"pa_periodo-fioritura-avril","18":"pa_periodo-fioritura-juin","19":"pa_periodo-fioritura-mai","20":"pa_portamento-eretto-fr","21":"pa_profumo-intense-fr","22":"pa_resistenza-climatica-moyenne","23":"pa_resistenza-del-suolo-resistant-aux-sols-calcaires","24":"pa_resistenza-del-suolo-resistant-aux-sols-secs","25":"pa_salinita-resistance-a-la-salinisation","26":"pa_utilizzo-balcons","27":"pa_utilizzo-petits-jardins","29":"first","30":"instock","31":"purchasable","32":"product-type-simple"},"acf":[],"_links":{"self":[{"href":"https:\/\/innocentiemangonipiante.it\/fr\/wp-json\/wp\/v2\/product\/13148","targetHints":{"allow":["GET"]}}],"collection":[{"href":"https:\/\/innocentiemangonipiante.it\/fr\/wp-json\/wp\/v2\/product"}],"about":[{"href":"https:\/\/innocentiemangonipiante.it\/fr\/wp-json\/wp\/v2\/types\/product"}],"wp:featuredmedia":[{"embeddable":true,"href":"https:\/\/innocentiemangonipiante.it\/fr\/wp-json\/wp\/v2\/media\/4714"}],"wp:attachment":[{"href":"https:\/\/innocentiemangonipiante.it\/fr\/wp-json\/wp\/v2\/media?parent=13148"}],"wp:term":[{"taxonomy":"product_brand","embeddable":true,"href":"https:\/\/innocentiemangonipiante.it\/fr\/wp-json\/wp\/v2\/product_brand?post=13148"},{"taxonomy":"product_cat","embeddable":true,"href":"https:\/\/innocentiemangonipiante.it\/fr\/wp-json\/wp\/v2\/product_cat?post=13148"},{"taxonomy":"product_tag","embeddable":true,"href":"https:\/\/innocentiemangonipiante.it\/fr\/wp-json\/wp\/v2\/product_tag?post=13148"}],"curies":[{"name":"wp","href":"https:\/\/api.w.org\/{rel}","templated":true}]}}