{"id":13149,"date":"2023-11-04T02:26:46","date_gmt":"2023-11-04T01:26:46","guid":{"rendered":"http:\/\/innocentiemangonipiante.it\/pittosporum-tenuifolium-silver-queen\/"},"modified":"2023-11-06T15:37:08","modified_gmt":"2023-11-06T14:37:08","slug":"pittosporum-tenuifolium-silver-queen","status":"publish","type":"product","link":"https:\/\/innocentiemangonipiante.it\/fr\/pittosporum-tenuifolium-silver-queen\/","title":{"rendered":"PITTOSPORUM tenuifolium &lsquo;Silver Queen&rsquo;"},"content":{"rendered":"<p>Arbuste persistant. Feuilles altern\u00e9es, oblongues et lanc\u00e9ol\u00e9es, mesurant de 2 \u00e0 4 cm de couleur vert clair aux bords de couleur blanc cr\u00e8me.<\/p>\n","protected":false},"excerpt":{"rendered":"<p>Arbuste persistant. Feuilles altern\u00e9es, oblongues et lanc\u00e9ol\u00e9es, mesurant de 2 \u00e0 4 cm de couleur vert clair aux bords de couleur blanc cr\u00e8me.<\/p>\n","protected":false},"featured_media":4707,"template":"","meta":{"_acf_changed":false},"product_brand":[],"product_cat":[8817],"product_tag":[10897],"class_list":{"0":"post-13149","1":"product","2":"type-product","3":"status-publish","4":"has-post-thumbnail","6":"product_cat-arbres-et-arbustes-persistants","7":"product_tag-naturelle","8":"pa_altezza-massima-200-fr","9":"pa_altezza-massima-300-fr-2","10":"pa_colore-delle-foglie-panachees","11":"pa_colore-fioritura-bordeaux-fr","12":"pa_condizionamento-clt-fr","13":"pa_condizionamento-vs-fr","14":"pa_famiglia-pittosporaceae-fr","15":"pa_genere-pittosporum-fr","16":"pa_origine-nouvelle-zelande-fr","17":"pa_periodo-fioritura-avril","18":"pa_periodo-fioritura-mai","19":"pa_portamento-eretto-fr","20":"pa_profumo-intense-fr","21":"pa_resistenza-climatica-moyenne","22":"pa_resistenza-del-suolo-resistant-aux-sols-calcaires","23":"pa_resistenza-del-suolo-resistant-aux-sols-secs","24":"pa_salinita-resistance-a-la-salinisation","25":"pa_utilizzo-haies","26":"pa_utilizzo-parcs","27":"pa_utilizzo-petits-jardins","29":"first","30":"instock","31":"purchasable","32":"product-type-simple"},"acf":[],"_links":{"self":[{"href":"https:\/\/innocentiemangonipiante.it\/fr\/wp-json\/wp\/v2\/product\/13149","targetHints":{"allow":["GET"]}}],"collection":[{"href":"https:\/\/innocentiemangonipiante.it\/fr\/wp-json\/wp\/v2\/product"}],"about":[{"href":"https:\/\/innocentiemangonipiante.it\/fr\/wp-json\/wp\/v2\/types\/product"}],"wp:featuredmedia":[{"embeddable":true,"href":"https:\/\/innocentiemangonipiante.it\/fr\/wp-json\/wp\/v2\/media\/4707"}],"wp:attachment":[{"href":"https:\/\/innocentiemangonipiante.it\/fr\/wp-json\/wp\/v2\/media?parent=13149"}],"wp:term":[{"taxonomy":"product_brand","embeddable":true,"href":"https:\/\/innocentiemangonipiante.it\/fr\/wp-json\/wp\/v2\/product_brand?post=13149"},{"taxonomy":"product_cat","embeddable":true,"href":"https:\/\/innocentiemangonipiante.it\/fr\/wp-json\/wp\/v2\/product_cat?post=13149"},{"taxonomy":"product_tag","embeddable":true,"href":"https:\/\/innocentiemangonipiante.it\/fr\/wp-json\/wp\/v2\/product_tag?post=13149"}],"curies":[{"name":"wp","href":"https:\/\/api.w.org\/{rel}","templated":true}]}}