{"id":13150,"date":"2023-11-04T02:26:39","date_gmt":"2023-11-04T01:26:39","guid":{"rendered":"http:\/\/innocentiemangonipiante.it\/pittosporum-tenuifolium-pom-pom\/"},"modified":"2023-11-06T15:37:05","modified_gmt":"2023-11-06T14:37:05","slug":"pittosporum-tenuifolium-pom-pom","status":"publish","type":"product","link":"https:\/\/innocentiemangonipiante.it\/fr\/pittosporum-tenuifolium-pom-pom\/","title":{"rendered":"PITTOSPORUM tenuifolium &lsquo;Pom Pom&rsquo; \u00ae"},"content":{"rendered":"<p>Arbuste arrondi avec de petites feuilles vert brillant sur des branches noires. S\u00e9lection tr\u00e8s r\u00e9sistante \u00e0 la s\u00e9cheresse.<\/p>\n","protected":false},"excerpt":{"rendered":"<p>Arbuste arrondi avec de petites feuilles vert brillant sur des branches noires. S\u00e9lection tr\u00e8s r\u00e9sistante \u00e0 la s\u00e9cheresse.<\/p>\n","protected":false},"featured_media":0,"template":"","meta":{"_acf_changed":false},"product_brand":[],"product_cat":[8817],"product_tag":[10897],"class_list":{"0":"post-13150","1":"product","2":"type-product","3":"status-publish","5":"product_cat-arbres-et-arbustes-persistants","6":"product_tag-naturelle","7":"pa_altezza-massima-100-fr","8":"pa_altezza-massima-150-fr","9":"pa_colore-fioritura-violet-fr","10":"pa_condizionamento-clt-fr","11":"pa_famiglia-pittosporaceae-fr","12":"pa_genere-pittosporum-fr","13":"pa_origine-nouvelle-zelande-fr","14":"pa_periodo-fioritura-juin","15":"pa_periodo-fioritura-mai","16":"pa_portamento-arrondi","17":"pa_profumo-intense-fr","18":"pa_resistenza-climatica-moyenne","19":"pa_resistenza-del-suolo-resistant-aux-sols-calcaires","20":"pa_resistenza-del-suolo-resistant-aux-sols-secs","21":"pa_salinita-resistance-a-la-salinisation","22":"pa_utilizzo-balcons","23":"pa_utilizzo-petits-jardins","25":"first","26":"instock","27":"purchasable","28":"product-type-simple"},"acf":[],"_links":{"self":[{"href":"https:\/\/innocentiemangonipiante.it\/fr\/wp-json\/wp\/v2\/product\/13150","targetHints":{"allow":["GET"]}}],"collection":[{"href":"https:\/\/innocentiemangonipiante.it\/fr\/wp-json\/wp\/v2\/product"}],"about":[{"href":"https:\/\/innocentiemangonipiante.it\/fr\/wp-json\/wp\/v2\/types\/product"}],"wp:attachment":[{"href":"https:\/\/innocentiemangonipiante.it\/fr\/wp-json\/wp\/v2\/media?parent=13150"}],"wp:term":[{"taxonomy":"product_brand","embeddable":true,"href":"https:\/\/innocentiemangonipiante.it\/fr\/wp-json\/wp\/v2\/product_brand?post=13150"},{"taxonomy":"product_cat","embeddable":true,"href":"https:\/\/innocentiemangonipiante.it\/fr\/wp-json\/wp\/v2\/product_cat?post=13150"},{"taxonomy":"product_tag","embeddable":true,"href":"https:\/\/innocentiemangonipiante.it\/fr\/wp-json\/wp\/v2\/product_tag?post=13150"}],"curies":[{"name":"wp","href":"https:\/\/api.w.org\/{rel}","templated":true}]}}