{"id":13151,"date":"2023-11-04T02:26:33","date_gmt":"2023-11-04T01:26:33","guid":{"rendered":"http:\/\/innocentiemangonipiante.it\/pittosporum-tenuifolium-golf-ball\/"},"modified":"2023-11-06T15:37:03","modified_gmt":"2023-11-06T14:37:03","slug":"pittosporum-tenuifolium-golf-ball","status":"publish","type":"product","link":"https:\/\/innocentiemangonipiante.it\/fr\/pittosporum-tenuifolium-golf-ball\/","title":{"rendered":"PITTOSPORUM tenuifolium &lsquo;Golf Ball&rsquo; \u00ae"},"content":{"rendered":"<p>Bien souvent d\u00e9crit comme un Pittosporum nain, Pittosporum Golf Ball est un arbuste \u00e0 feuillage persistant qui peut atteindre jusqu\u2019\u00e0 1,5 m de haut et de large ou plus, si pas retaill\u00e9. Comme le nom indique, il a une forme naturellement arrondie. Tr\u00e8s int\u00e9ressant pour la personnalisation des jardins, mais \u00e9galement en pot. Le feuillage est vert.<\/p>\n","protected":false},"excerpt":{"rendered":"<p>Bien souvent d\u00e9crit comme un Pittosporum nain, Pittosporum Golf Ball est un arbuste \u00e0 feuillage persistant qui peut atteindre jusqu\u2019\u00e0 1,5 m de haut et de large ou plus, si pas retaill\u00e9. Comme le nom indique, il a une forme naturellement arrondie. Tr\u00e8s int\u00e9ressant pour la personnalisation des jardins, mais \u00e9galement en pot. Le feuillage [&hellip;]<\/p>\n","protected":false},"featured_media":4700,"template":"","meta":{"_acf_changed":false},"product_brand":[],"product_cat":[8817],"product_tag":[10897],"class_list":{"0":"post-13151","1":"product","2":"type-product","3":"status-publish","4":"has-post-thumbnail","6":"product_cat-arbres-et-arbustes-persistants","7":"product_tag-naturelle","8":"pa_altezza-massima-0_50-metres","9":"pa_altezza-massima-150-fr","10":"pa_colore-fioritura-blanc","11":"pa_condizionamento-clt-fr","12":"pa_condizionamento-vs-fr","13":"pa_famiglia-pittosporaceae-fr","14":"pa_genere-pittosporum-fr","15":"pa_origine-origine-delle-piante-u-s-a","16":"pa_periodo-fioritura-juin","17":"pa_periodo-fioritura-mai","18":"pa_portamento-arrondi","19":"pa_profumo-intense-fr","20":"pa_resistenza-climatica-moyenne","21":"pa_resistenza-del-suolo-resistant-aux-sols-calcaires","22":"pa_resistenza-del-suolo-resistant-aux-sols-secs","23":"pa_salinita-resistance-a-la-salinisation","24":"pa_utilizzo-balcons","25":"pa_utilizzo-haies","26":"pa_utilizzo-petits-jardins","28":"first","29":"instock","30":"purchasable","31":"product-type-simple"},"acf":[],"_links":{"self":[{"href":"https:\/\/innocentiemangonipiante.it\/fr\/wp-json\/wp\/v2\/product\/13151","targetHints":{"allow":["GET"]}}],"collection":[{"href":"https:\/\/innocentiemangonipiante.it\/fr\/wp-json\/wp\/v2\/product"}],"about":[{"href":"https:\/\/innocentiemangonipiante.it\/fr\/wp-json\/wp\/v2\/types\/product"}],"wp:featuredmedia":[{"embeddable":true,"href":"https:\/\/innocentiemangonipiante.it\/fr\/wp-json\/wp\/v2\/media\/4700"}],"wp:attachment":[{"href":"https:\/\/innocentiemangonipiante.it\/fr\/wp-json\/wp\/v2\/media?parent=13151"}],"wp:term":[{"taxonomy":"product_brand","embeddable":true,"href":"https:\/\/innocentiemangonipiante.it\/fr\/wp-json\/wp\/v2\/product_brand?post=13151"},{"taxonomy":"product_cat","embeddable":true,"href":"https:\/\/innocentiemangonipiante.it\/fr\/wp-json\/wp\/v2\/product_cat?post=13151"},{"taxonomy":"product_tag","embeddable":true,"href":"https:\/\/innocentiemangonipiante.it\/fr\/wp-json\/wp\/v2\/product_tag?post=13151"}],"curies":[{"name":"wp","href":"https:\/\/api.w.org\/{rel}","templated":true}]}}