{"id":13152,"date":"2023-11-04T02:26:18","date_gmt":"2023-11-04T01:26:18","guid":{"rendered":"http:\/\/innocentiemangonipiante.it\/pittosporum-tenuifolium\/"},"modified":"2023-11-06T15:36:57","modified_gmt":"2023-11-06T14:36:57","slug":"pittosporum-tenuifolium","status":"publish","type":"product","link":"https:\/\/innocentiemangonipiante.it\/fr\/pittosporum-tenuifolium\/","title":{"rendered":"PITTOSPORUM tenuifolium"},"content":{"rendered":"<p>Arbuste persistant largement colonnaire avec des bourgeons fins et fonc\u00e9s. Il est caract\u00e9ris\u00e9 par des feuilles obovales vert brillant avec des marges ondul\u00e9es. Il produit de petites fleurs violettes vers\u00e0 la fin du printemps. Celles-ci diffusent un intense parfum de miel.<\/p>\n","protected":false},"excerpt":{"rendered":"<p>Arbuste persistant largement colonnaire avec des bourgeons fins et fonc\u00e9s. Il est caract\u00e9ris\u00e9 par des feuilles obovales vert brillant avec des marges ondul\u00e9es. Il produit de petites fleurs violettes vers\u00e0 la fin du printemps. Celles-ci diffusent un intense parfum de miel.<\/p>\n","protected":false},"featured_media":4694,"template":"","meta":{"_acf_changed":false},"product_brand":[],"product_cat":[8817],"product_tag":[10897],"class_list":{"0":"post-13152","1":"product","2":"type-product","3":"status-publish","4":"has-post-thumbnail","6":"product_cat-arbres-et-arbustes-persistants","7":"product_tag-naturelle","8":"pa_altezza-massima-400-fr","9":"pa_altezza-massima-500-fr","10":"pa_colore-fioritura-violet-fr","11":"pa_condizionamento-clt-fr","12":"pa_condizionamento-vs-fr","13":"pa_famiglia-pittosporaceae-fr","14":"pa_genere-pittosporum-fr","15":"pa_origine-nouvelle-zelande-fr","16":"pa_periodo-fioritura-mai","17":"pa_portamento-de-colonne","18":"pa_profumo-intense-fr","19":"pa_resistenza-climatica-moyenne","20":"pa_resistenza-del-suolo-resistant-aux-sols-calcaires","21":"pa_resistenza-del-suolo-resistant-aux-sols-secs","22":"pa_utilizzo-haies","23":"pa_utilizzo-parcs","24":"pa_utilizzo-petits-jardins","26":"first","27":"instock","28":"purchasable","29":"product-type-simple"},"acf":[],"_links":{"self":[{"href":"https:\/\/innocentiemangonipiante.it\/fr\/wp-json\/wp\/v2\/product\/13152","targetHints":{"allow":["GET"]}}],"collection":[{"href":"https:\/\/innocentiemangonipiante.it\/fr\/wp-json\/wp\/v2\/product"}],"about":[{"href":"https:\/\/innocentiemangonipiante.it\/fr\/wp-json\/wp\/v2\/types\/product"}],"wp:featuredmedia":[{"embeddable":true,"href":"https:\/\/innocentiemangonipiante.it\/fr\/wp-json\/wp\/v2\/media\/4694"}],"wp:attachment":[{"href":"https:\/\/innocentiemangonipiante.it\/fr\/wp-json\/wp\/v2\/media?parent=13152"}],"wp:term":[{"taxonomy":"product_brand","embeddable":true,"href":"https:\/\/innocentiemangonipiante.it\/fr\/wp-json\/wp\/v2\/product_brand?post=13152"},{"taxonomy":"product_cat","embeddable":true,"href":"https:\/\/innocentiemangonipiante.it\/fr\/wp-json\/wp\/v2\/product_cat?post=13152"},{"taxonomy":"product_tag","embeddable":true,"href":"https:\/\/innocentiemangonipiante.it\/fr\/wp-json\/wp\/v2\/product_tag?post=13152"}],"curies":[{"name":"wp","href":"https:\/\/api.w.org\/{rel}","templated":true}]}}