{"id":13156,"date":"2023-11-04T02:27:05","date_gmt":"2023-11-04T01:27:05","guid":{"rendered":"http:\/\/innocentiemangonipiante.it\/pittosporum-tobira\/"},"modified":"2023-11-06T15:37:16","modified_gmt":"2023-11-06T14:37:16","slug":"pittosporum-tobira","status":"publish","type":"product","link":"https:\/\/innocentiemangonipiante.it\/fr\/pittosporum-tobira\/","title":{"rendered":"PITTOSPORUM tobira"},"content":{"rendered":"<p>Grand arbuste, arrondi et dense, aux branches \u00e9rig\u00e9es robustes et aux feuilles altern\u00e9es, oblongues, lanc\u00e9ol\u00e9es et coriaces de couleur vert intense dessus et plus claires dessous, brillantes. Au d\u00e9but de l\u2019\u00e9t\u00e9, il porte des trochets de fleurs terminales companul\u00e9es, parfum\u00e9es, de couleur blanc cr\u00e8me\/jaune.<\/p>\n","protected":false},"excerpt":{"rendered":"<p>Grand arbuste, arrondi et dense, aux branches \u00e9rig\u00e9es robustes et aux feuilles altern\u00e9es, oblongues, lanc\u00e9ol\u00e9es et coriaces de couleur vert intense dessus et plus claires dessous, brillantes. Au d\u00e9but de l\u2019\u00e9t\u00e9, il porte des trochets de fleurs terminales companul\u00e9es, parfum\u00e9es, de couleur blanc cr\u00e8me\/jaune.<\/p>\n","protected":false},"featured_media":4720,"template":"","meta":{"_acf_changed":false},"product_brand":[],"product_cat":[8817,9230],"product_tag":[10897,6265,8497,6255,6266,8400],"class_list":{"0":"post-13156","1":"product","2":"type-product","3":"status-publish","4":"has-post-thumbnail","6":"product_cat-arbres-et-arbustes-persistants","7":"product_cat-arbres-et-plantes-du-futur","8":"product_tag-naturelle","9":"product_tag-boule","10":"product_tag-cepee-remontee","11":"product_tag-demi-tige","12":"product_tag-jardiniere","13":"product_tag-tige","14":"pa_altezza-massima-300-fr-2","15":"pa_altezza-massima-600-fr","16":"pa_colore-fioritura-jaune","17":"pa_condizionamento-clt-fr","18":"pa_famiglia-pittosporaceae-fr","19":"pa_genere-pittosporum-fr","20":"pa_inquinamento-resistance-a-la-pollution","21":"pa_origine-asie-orientale","22":"pa_periodo-fioritura-juin","23":"pa_portamento-arrondi","24":"pa_profumo-intense-fr","25":"pa_resistenza-climatica-plantes-avec-une-faible-resistance-climatique","26":"pa_resistenza-del-suolo-resistant-aux-sols-calcaires","27":"pa_resistenza-del-suolo-resistant-aux-sols-secs","28":"pa_salinita-resistance-a-la-salinisation","29":"pa_utilizzo-haies","30":"pa_utilizzo-parcs","31":"pa_utilizzo-petits-jardins","33":"first","34":"instock","35":"purchasable","36":"product-type-simple"},"acf":[],"_links":{"self":[{"href":"https:\/\/innocentiemangonipiante.it\/fr\/wp-json\/wp\/v2\/product\/13156","targetHints":{"allow":["GET"]}}],"collection":[{"href":"https:\/\/innocentiemangonipiante.it\/fr\/wp-json\/wp\/v2\/product"}],"about":[{"href":"https:\/\/innocentiemangonipiante.it\/fr\/wp-json\/wp\/v2\/types\/product"}],"wp:featuredmedia":[{"embeddable":true,"href":"https:\/\/innocentiemangonipiante.it\/fr\/wp-json\/wp\/v2\/media\/4720"}],"wp:attachment":[{"href":"https:\/\/innocentiemangonipiante.it\/fr\/wp-json\/wp\/v2\/media?parent=13156"}],"wp:term":[{"taxonomy":"product_brand","embeddable":true,"href":"https:\/\/innocentiemangonipiante.it\/fr\/wp-json\/wp\/v2\/product_brand?post=13156"},{"taxonomy":"product_cat","embeddable":true,"href":"https:\/\/innocentiemangonipiante.it\/fr\/wp-json\/wp\/v2\/product_cat?post=13156"},{"taxonomy":"product_tag","embeddable":true,"href":"https:\/\/innocentiemangonipiante.it\/fr\/wp-json\/wp\/v2\/product_tag?post=13156"}],"curies":[{"name":"wp","href":"https:\/\/api.w.org\/{rel}","templated":true}]}}