{"id":13157,"date":"2023-11-04T02:27:51","date_gmt":"2023-11-04T01:27:51","guid":{"rendered":"http:\/\/innocentiemangonipiante.it\/platanus-orientalis-minaret\/"},"modified":"2023-11-06T15:37:42","modified_gmt":"2023-11-06T14:37:42","slug":"platanus-orientalis-minaret","status":"publish","type":"product","link":"https:\/\/innocentiemangonipiante.it\/fr\/platanus-orientalis-minaret\/","title":{"rendered":"PLATANUS orientalis &lsquo;Minaret&rsquo;"},"content":{"rendered":"<p>Arbre \u00e0 feuilles caduques plut\u00f4t en colonne avec le tronc gris qui s&rsquo;exfolie. L&rsquo;\u00e9corce est brun et cr\u00e8me, et les feuilles sont vert fonc\u00e9 brillant avec lobes profond\u00e9ment incis\u00e9s.<\/p>\n","protected":false},"excerpt":{"rendered":"<p>Arbre \u00e0 feuilles caduques plut\u00f4t en colonne avec le tronc gris qui s&rsquo;exfolie. L&rsquo;\u00e9corce est brun et cr\u00e8me, et les feuilles sont vert fonc\u00e9 brillant avec lobes profond\u00e9ment incis\u00e9s.<\/p>\n","protected":false},"featured_media":4761,"template":"","meta":{"_acf_changed":false},"product_brand":[],"product_cat":[8812],"product_tag":[10897,8400],"class_list":{"0":"post-13157","1":"product","2":"type-product","3":"status-publish","4":"has-post-thumbnail","6":"product_cat-arbres-et-arbustes-a-feuilles-caduques","7":"product_tag-naturelle","8":"product_tag-tige","9":"pa_altezza-massima-800-fr","10":"pa_altezza-massima-12-metres","11":"pa_condizionamento-motte","12":"pa_famiglia-platanaceae-fr","13":"pa_genere-platanus-fr","14":"pa_inquinamento-resistance-a-la-pollution","15":"pa_origine-hollande","16":"pa_portamento-de-colonne","17":"pa_resistenza-climatica-tres-elevee","18":"pa_resistenza-del-suolo-resistant-aux-sols-pauvres","19":"pa_utilizzo-avenues-fr","20":"pa_utilizzo-parcs","22":"first","23":"instock","24":"purchasable","25":"product-type-simple"},"acf":[],"_links":{"self":[{"href":"https:\/\/innocentiemangonipiante.it\/fr\/wp-json\/wp\/v2\/product\/13157","targetHints":{"allow":["GET"]}}],"collection":[{"href":"https:\/\/innocentiemangonipiante.it\/fr\/wp-json\/wp\/v2\/product"}],"about":[{"href":"https:\/\/innocentiemangonipiante.it\/fr\/wp-json\/wp\/v2\/types\/product"}],"wp:featuredmedia":[{"embeddable":true,"href":"https:\/\/innocentiemangonipiante.it\/fr\/wp-json\/wp\/v2\/media\/4761"}],"wp:attachment":[{"href":"https:\/\/innocentiemangonipiante.it\/fr\/wp-json\/wp\/v2\/media?parent=13157"}],"wp:term":[{"taxonomy":"product_brand","embeddable":true,"href":"https:\/\/innocentiemangonipiante.it\/fr\/wp-json\/wp\/v2\/product_brand?post=13157"},{"taxonomy":"product_cat","embeddable":true,"href":"https:\/\/innocentiemangonipiante.it\/fr\/wp-json\/wp\/v2\/product_cat?post=13157"},{"taxonomy":"product_tag","embeddable":true,"href":"https:\/\/innocentiemangonipiante.it\/fr\/wp-json\/wp\/v2\/product_tag?post=13157"}],"curies":[{"name":"wp","href":"https:\/\/api.w.org\/{rel}","templated":true}]}}