{"id":13158,"date":"2023-11-04T02:27:45","date_gmt":"2023-11-04T01:27:45","guid":{"rendered":"http:\/\/innocentiemangonipiante.it\/platanus-orientalis-digitata\/"},"modified":"2023-11-06T15:37:40","modified_gmt":"2023-11-06T14:37:40","slug":"platanus-orientalis-digitata","status":"publish","type":"product","link":"https:\/\/innocentiemangonipiante.it\/fr\/platanus-orientalis-digitata\/","title":{"rendered":"PLATANUS orientalis &lsquo;Digitata&rsquo;"},"content":{"rendered":"<p>Arbre aux feuilles caduques au port largement pyramidal. Les feuilles sont finement divis\u00e9es en 5 lobes profond\u00e9ment grav\u00e9es.<\/p>\n","protected":false},"excerpt":{"rendered":"<p>Arbre aux feuilles caduques au port largement pyramidal. Les feuilles sont finement divis\u00e9es en 5 lobes profond\u00e9ment grav\u00e9es.<\/p>\n","protected":false},"featured_media":4755,"template":"","meta":{"_acf_changed":false},"product_brand":[],"product_cat":[8812],"product_tag":[10897,8400],"class_list":{"0":"post-13158","1":"product","2":"type-product","3":"status-publish","4":"has-post-thumbnail","6":"product_cat-arbres-et-arbustes-a-feuilles-caduques","7":"product_tag-naturelle","8":"product_tag-tige","9":"pa_altezza-massima-20-metres","10":"pa_altezza-massima-30-metres","11":"pa_condizionamento-motte","12":"pa_famiglia-platanaceae-fr","13":"pa_genere-platanus-fr","14":"pa_inquinamento-resistance-a-la-pollution","15":"pa_origine-asie-orientale","16":"pa_portamento-arrondi","17":"pa_resistenza-climatica-tres-elevee","18":"pa_resistenza-del-suolo-resistant-aux-sols-pauvres","19":"pa_utilizzo-avenues-fr","20":"pa_utilizzo-parcs","22":"first","23":"instock","24":"purchasable","25":"product-type-simple"},"acf":[],"_links":{"self":[{"href":"https:\/\/innocentiemangonipiante.it\/fr\/wp-json\/wp\/v2\/product\/13158","targetHints":{"allow":["GET"]}}],"collection":[{"href":"https:\/\/innocentiemangonipiante.it\/fr\/wp-json\/wp\/v2\/product"}],"about":[{"href":"https:\/\/innocentiemangonipiante.it\/fr\/wp-json\/wp\/v2\/types\/product"}],"wp:featuredmedia":[{"embeddable":true,"href":"https:\/\/innocentiemangonipiante.it\/fr\/wp-json\/wp\/v2\/media\/4755"}],"wp:attachment":[{"href":"https:\/\/innocentiemangonipiante.it\/fr\/wp-json\/wp\/v2\/media?parent=13158"}],"wp:term":[{"taxonomy":"product_brand","embeddable":true,"href":"https:\/\/innocentiemangonipiante.it\/fr\/wp-json\/wp\/v2\/product_brand?post=13158"},{"taxonomy":"product_cat","embeddable":true,"href":"https:\/\/innocentiemangonipiante.it\/fr\/wp-json\/wp\/v2\/product_cat?post=13158"},{"taxonomy":"product_tag","embeddable":true,"href":"https:\/\/innocentiemangonipiante.it\/fr\/wp-json\/wp\/v2\/product_tag?post=13158"}],"curies":[{"name":"wp","href":"https:\/\/api.w.org\/{rel}","templated":true}]}}