{"id":13159,"date":"2023-11-04T02:27:37","date_gmt":"2023-11-04T01:27:37","guid":{"rendered":"http:\/\/innocentiemangonipiante.it\/platanus-orientalis-cuneata\/"},"modified":"2023-11-06T15:37:37","modified_gmt":"2023-11-06T14:37:37","slug":"platanus-orientalis-cuneata","status":"publish","type":"product","link":"https:\/\/innocentiemangonipiante.it\/fr\/platanus-orientalis-cuneata\/","title":{"rendered":"PLATANUS orientalis &lsquo;Cuneata&rsquo;"},"content":{"rendered":"<p>Feuille profond\u00e9ment tri- ou penta lob\u00e9e, dentel\u00e9e, similaire \u00e0 celle d&rsquo;un \u00e9rable.<\/p>\n","protected":false},"excerpt":{"rendered":"<p>Feuille profond\u00e9ment tri- ou penta lob\u00e9e, dentel\u00e9e, similaire \u00e0 celle d&rsquo;un \u00e9rable.<\/p>\n","protected":false},"featured_media":4749,"template":"","meta":{"_acf_changed":false},"product_brand":[],"product_cat":[8812],"product_tag":[10897,8400],"class_list":{"0":"post-13159","1":"product","2":"type-product","3":"status-publish","4":"has-post-thumbnail","6":"product_cat-arbres-et-arbustes-a-feuilles-caduques","7":"product_tag-naturelle","8":"product_tag-tige","9":"pa_altezza-massima-20-metres","10":"pa_altezza-massima-30-metres","11":"pa_condizionamento-clt-fr","12":"pa_condizionamento-motte","13":"pa_famiglia-platanaceae-fr","14":"pa_genere-platanus-fr","15":"pa_inquinamento-resistance-a-la-pollution","16":"pa_origine-asie-orientale","17":"pa_portamento-arrondi","18":"pa_resistenza-climatica-tres-elevee","19":"pa_resistenza-del-suolo-resistant-aux-sols-pauvres","20":"pa_utilizzo-avenues-fr","21":"pa_utilizzo-parcs","22":"pa_utilizzo-petits-jardins","24":"first","25":"instock","26":"purchasable","27":"product-type-simple"},"acf":[],"_links":{"self":[{"href":"https:\/\/innocentiemangonipiante.it\/fr\/wp-json\/wp\/v2\/product\/13159","targetHints":{"allow":["GET"]}}],"collection":[{"href":"https:\/\/innocentiemangonipiante.it\/fr\/wp-json\/wp\/v2\/product"}],"about":[{"href":"https:\/\/innocentiemangonipiante.it\/fr\/wp-json\/wp\/v2\/types\/product"}],"wp:featuredmedia":[{"embeddable":true,"href":"https:\/\/innocentiemangonipiante.it\/fr\/wp-json\/wp\/v2\/media\/4749"}],"wp:attachment":[{"href":"https:\/\/innocentiemangonipiante.it\/fr\/wp-json\/wp\/v2\/media?parent=13159"}],"wp:term":[{"taxonomy":"product_brand","embeddable":true,"href":"https:\/\/innocentiemangonipiante.it\/fr\/wp-json\/wp\/v2\/product_brand?post=13159"},{"taxonomy":"product_cat","embeddable":true,"href":"https:\/\/innocentiemangonipiante.it\/fr\/wp-json\/wp\/v2\/product_cat?post=13159"},{"taxonomy":"product_tag","embeddable":true,"href":"https:\/\/innocentiemangonipiante.it\/fr\/wp-json\/wp\/v2\/product_tag?post=13159"}],"curies":[{"name":"wp","href":"https:\/\/api.w.org\/{rel}","templated":true}]}}