{"id":13160,"date":"2023-11-04T02:27:30","date_gmt":"2023-11-04T01:27:30","guid":{"rendered":"http:\/\/innocentiemangonipiante.it\/platanus-orientalis\/"},"modified":"2023-11-06T15:37:35","modified_gmt":"2023-11-06T14:37:35","slug":"platanus-orientalis","status":"publish","type":"product","link":"https:\/\/innocentiemangonipiante.it\/fr\/platanus-orientalis\/","title":{"rendered":"PLATANUS orientalis"},"content":{"rendered":"<p>Arbre ample et vigoureux, aux feuilles caduques, avec \u00e9corce \u00e0 plaques de couleur gris, marron et cr\u00e8me. Les feuilles \u00e0 5 lobes profondes et de couleur vert brillant sont d\u2019une longueur de 25 cm.<\/p>\n","protected":false},"excerpt":{"rendered":"<p>Arbre ample et vigoureux, aux feuilles caduques, avec \u00e9corce \u00e0 plaques de couleur gris, marron et cr\u00e8me. Les feuilles \u00e0 5 lobes profondes et de couleur vert brillant sont d\u2019une longueur de 25 cm.<\/p>\n","protected":false},"featured_media":4743,"template":"","meta":{"_acf_changed":false},"product_brand":[],"product_cat":[8812,9230],"product_tag":[10897,8400],"class_list":{"0":"post-13160","1":"product","2":"type-product","3":"status-publish","4":"has-post-thumbnail","6":"product_cat-arbres-et-arbustes-a-feuilles-caduques","7":"product_cat-arbres-et-plantes-du-futur","8":"product_tag-naturelle","9":"product_tag-tige","10":"pa_altezza-massima-20-metres","11":"pa_altezza-massima-30-metres","12":"pa_condizionamento-motte","13":"pa_famiglia-platanaceae-fr","14":"pa_genere-platanus-fr","15":"pa_inquinamento-resistance-a-la-pollution","16":"pa_origine-sud-de-leurope-fr","17":"pa_portamento-arrondi","18":"pa_resistenza-climatica-tres-elevee","19":"pa_resistenza-del-suolo-resistant-aux-sols-pauvres","20":"pa_utilizzo-avenues-fr","21":"pa_utilizzo-parcs","23":"first","24":"instock","25":"purchasable","26":"product-type-simple"},"acf":[],"_links":{"self":[{"href":"https:\/\/innocentiemangonipiante.it\/fr\/wp-json\/wp\/v2\/product\/13160","targetHints":{"allow":["GET"]}}],"collection":[{"href":"https:\/\/innocentiemangonipiante.it\/fr\/wp-json\/wp\/v2\/product"}],"about":[{"href":"https:\/\/innocentiemangonipiante.it\/fr\/wp-json\/wp\/v2\/types\/product"}],"wp:featuredmedia":[{"embeddable":true,"href":"https:\/\/innocentiemangonipiante.it\/fr\/wp-json\/wp\/v2\/media\/4743"}],"wp:attachment":[{"href":"https:\/\/innocentiemangonipiante.it\/fr\/wp-json\/wp\/v2\/media?parent=13160"}],"wp:term":[{"taxonomy":"product_brand","embeddable":true,"href":"https:\/\/innocentiemangonipiante.it\/fr\/wp-json\/wp\/v2\/product_brand?post=13160"},{"taxonomy":"product_cat","embeddable":true,"href":"https:\/\/innocentiemangonipiante.it\/fr\/wp-json\/wp\/v2\/product_cat?post=13160"},{"taxonomy":"product_tag","embeddable":true,"href":"https:\/\/innocentiemangonipiante.it\/fr\/wp-json\/wp\/v2\/product_tag?post=13160"}],"curies":[{"name":"wp","href":"https:\/\/api.w.org\/{rel}","templated":true}]}}