{"id":13161,"date":"2023-11-04T02:28:06","date_gmt":"2023-11-04T01:28:06","guid":{"rendered":"http:\/\/innocentiemangonipiante.it\/platanus-x-acerifolia-alphens-globe\/"},"modified":"2023-11-06T15:37:48","modified_gmt":"2023-11-06T14:37:48","slug":"platanus-x-acerifolia-alphens-globe","status":"publish","type":"product","link":"https:\/\/innocentiemangonipiante.it\/fr\/platanus-x-acerifolia-alphens-globe\/","title":{"rendered":"PLATANUS x acerifolia &lsquo;Alphen&rsquo;s Globe&rsquo;"},"content":{"rendered":"<p>Arbre au feuillage caduc et croissance lente au port compact et arrondi. Feuillage vert fonc\u00e9 \u00e0 3-5 lobes similaires \u00e0 celles du P. Acerifolia.<\/p>\n","protected":false},"excerpt":{"rendered":"<p>Arbre au feuillage caduc et croissance lente au port compact et arrondi. Feuillage vert fonc\u00e9 \u00e0 3-5 lobes similaires \u00e0 celles du P. Acerifolia.<\/p>\n","protected":false},"featured_media":23979,"template":"","meta":{"_acf_changed":false},"product_brand":[],"product_cat":[8812],"product_tag":[10897,8400],"class_list":{"0":"post-13161","1":"product","2":"type-product","3":"status-publish","4":"has-post-thumbnail","6":"product_cat-arbres-et-arbustes-a-feuilles-caduques","7":"product_tag-naturelle","8":"product_tag-tige","9":"pa_altezza-massima-600-fr","10":"pa_altezza-massima-900-fr","11":"pa_condizionamento-clt-fr","12":"pa_condizionamento-motte","13":"pa_famiglia-platanaceae-fr","14":"pa_genere-platanus-fr","15":"pa_inquinamento-resistance-a-la-pollution","16":"pa_origine-hollande","17":"pa_portamento-arrondi","18":"pa_resistenza-climatica-tres-elevee","19":"pa_resistenza-del-suolo-resistant-aux-sols-calcaires","20":"pa_resistenza-del-suolo-resistant-aux-sols-pauvres","21":"pa_salinita-resistance-a-la-salinisation","22":"pa_utilizzo-avenues-fr","23":"pa_utilizzo-petits-jardins","25":"first","26":"instock","27":"purchasable","28":"product-type-simple"},"acf":[],"_links":{"self":[{"href":"https:\/\/innocentiemangonipiante.it\/fr\/wp-json\/wp\/v2\/product\/13161","targetHints":{"allow":["GET"]}}],"collection":[{"href":"https:\/\/innocentiemangonipiante.it\/fr\/wp-json\/wp\/v2\/product"}],"about":[{"href":"https:\/\/innocentiemangonipiante.it\/fr\/wp-json\/wp\/v2\/types\/product"}],"wp:featuredmedia":[{"embeddable":true,"href":"https:\/\/innocentiemangonipiante.it\/fr\/wp-json\/wp\/v2\/media\/23979"}],"wp:attachment":[{"href":"https:\/\/innocentiemangonipiante.it\/fr\/wp-json\/wp\/v2\/media?parent=13161"}],"wp:term":[{"taxonomy":"product_brand","embeddable":true,"href":"https:\/\/innocentiemangonipiante.it\/fr\/wp-json\/wp\/v2\/product_brand?post=13161"},{"taxonomy":"product_cat","embeddable":true,"href":"https:\/\/innocentiemangonipiante.it\/fr\/wp-json\/wp\/v2\/product_cat?post=13161"},{"taxonomy":"product_tag","embeddable":true,"href":"https:\/\/innocentiemangonipiante.it\/fr\/wp-json\/wp\/v2\/product_tag?post=13161"}],"curies":[{"name":"wp","href":"https:\/\/api.w.org\/{rel}","templated":true}]}}