{"id":13162,"date":"2023-11-04T02:27:59","date_gmt":"2023-11-04T01:27:59","guid":{"rendered":"http:\/\/innocentiemangonipiante.it\/platanus-x-acerifolia\/"},"modified":"2023-11-06T15:37:45","modified_gmt":"2023-11-06T14:37:45","slug":"platanus-x-acerifolia","status":"publish","type":"product","link":"https:\/\/innocentiemangonipiante.it\/fr\/platanus-x-acerifolia\/","title":{"rendered":"PLATANUS x acerifolia"},"content":{"rendered":"<p>Arbre \u00e0 feuilles caduques vigoureux. Les feuilles sont altern\u00e9es, de 3 \u00e0 5 lobes, largement triangulaires, de 12 \u00e0 15 cm. L\u2019\u00e9corce grise s\u2019\u00e9caille en plaques fines en r\u00e9v\u00e9lant la couleur marron-cr\u00e8me du tronc.<\/p>\n","protected":false},"excerpt":{"rendered":"<p>Arbre \u00e0 feuilles caduques vigoureux. Les feuilles sont altern\u00e9es, de 3 \u00e0 5 lobes, largement triangulaires, de 12 \u00e0 15 cm. L\u2019\u00e9corce grise s\u2019\u00e9caille en plaques fines en r\u00e9v\u00e9lant la couleur marron-cr\u00e8me du tronc.<\/p>\n","protected":false},"featured_media":4767,"template":"","meta":{"_acf_changed":false},"product_brand":[],"product_cat":[8812],"product_tag":[10897,8596,8400,8424,8432],"class_list":{"0":"post-13162","1":"product","2":"type-product","3":"status-publish","4":"has-post-thumbnail","6":"product_cat-arbres-et-arbustes-a-feuilles-caduques","7":"product_tag-naturelle","8":"product_tag-cepee","9":"product_tag-tige","10":"product_tag-tige-espalier","11":"product_tag-tige-plateau-dombrage","12":"pa_altezza-massima-30-metres","13":"pa_altezza-massima-40-metres","14":"pa_condizionamento-clt-fr","15":"pa_condizionamento-motte","16":"pa_famiglia-platanaceae-fr","17":"pa_genere-platanus-fr","18":"pa_inquinamento-resistance-a-la-pollution","19":"pa_origine-angleterre","20":"pa_portamento-arrondi","21":"pa_resistenza-climatica-tres-elevee","22":"pa_resistenza-del-suolo-resistant-aux-sols-calcaires","23":"pa_resistenza-del-suolo-resistant-aux-sols-pauvres","24":"pa_salinita-resistance-a-la-salinisation","25":"pa_utilizzo-avenues-fr","26":"pa_utilizzo-parcs","27":"pa_utilizzo-petits-jardins","29":"first","30":"instock","31":"purchasable","32":"product-type-simple"},"acf":[],"_links":{"self":[{"href":"https:\/\/innocentiemangonipiante.it\/fr\/wp-json\/wp\/v2\/product\/13162","targetHints":{"allow":["GET"]}}],"collection":[{"href":"https:\/\/innocentiemangonipiante.it\/fr\/wp-json\/wp\/v2\/product"}],"about":[{"href":"https:\/\/innocentiemangonipiante.it\/fr\/wp-json\/wp\/v2\/types\/product"}],"wp:featuredmedia":[{"embeddable":true,"href":"https:\/\/innocentiemangonipiante.it\/fr\/wp-json\/wp\/v2\/media\/4767"}],"wp:attachment":[{"href":"https:\/\/innocentiemangonipiante.it\/fr\/wp-json\/wp\/v2\/media?parent=13162"}],"wp:term":[{"taxonomy":"product_brand","embeddable":true,"href":"https:\/\/innocentiemangonipiante.it\/fr\/wp-json\/wp\/v2\/product_brand?post=13162"},{"taxonomy":"product_cat","embeddable":true,"href":"https:\/\/innocentiemangonipiante.it\/fr\/wp-json\/wp\/v2\/product_cat?post=13162"},{"taxonomy":"product_tag","embeddable":true,"href":"https:\/\/innocentiemangonipiante.it\/fr\/wp-json\/wp\/v2\/product_tag?post=13162"}],"curies":[{"name":"wp","href":"https:\/\/api.w.org\/{rel}","templated":true}]}}