{"id":13163,"date":"2023-11-04T02:28:21","date_gmt":"2023-11-04T01:28:21","guid":{"rendered":"http:\/\/innocentiemangonipiante.it\/plumbago-auriculata\/"},"modified":"2023-11-06T15:37:56","modified_gmt":"2023-11-06T14:37:56","slug":"plumbago-auriculata","status":"publish","type":"product","link":"https:\/\/innocentiemangonipiante.it\/fr\/plumbago-auriculata\/","title":{"rendered":"PLUMBAGO auriculata"},"content":{"rendered":"<p>Arbuste grimpant persistant. De l\u2019\u00e9t\u00e9 \u00e0 la fin de l\u2019automne il tient des fleurs azures group\u00e9es en denses rac\u00e8mes terminales.<\/p>\n","protected":false},"excerpt":{"rendered":"<p>Arbuste grimpant persistant. De l\u2019\u00e9t\u00e9 \u00e0 la fin de l\u2019automne il tient des fleurs azures group\u00e9es en denses rac\u00e8mes terminales.<\/p>\n","protected":false},"featured_media":4774,"template":"","meta":{"_acf_changed":false},"product_brand":[],"product_cat":[8836],"product_tag":[10897],"class_list":{"0":"post-13163","1":"product","2":"type-product","3":"status-publish","4":"has-post-thumbnail","6":"product_cat-lianes","7":"product_tag-naturelle","8":"pa_altezza-massima-200-fr","9":"pa_altezza-massima-400-fr","10":"pa_colore-fioritura-azur","11":"pa_condizionamento-clt-fr","12":"pa_famiglia-plumbaginaceae-fr","13":"pa_genere-plumbago-fr","14":"pa_origine-afrique-du-sud","15":"pa_periodo-fioritura-aout","16":"pa_periodo-fioritura-juillet","17":"pa_periodo-fioritura-octobre","18":"pa_periodo-fioritura-septembre","19":"pa_portamento-liane","20":"pa_resistenza-climatica-plantes-avec-une-faible-resistance-climatique","21":"pa_resistenza-del-suolo-resistant-aux-sols-secs","22":"pa_salinita-resistance-a-la-salinisation","23":"pa_utilizzo-balcons","24":"pa_utilizzo-petits-jardins","26":"first","27":"instock","28":"purchasable","29":"product-type-simple"},"acf":[],"_links":{"self":[{"href":"https:\/\/innocentiemangonipiante.it\/fr\/wp-json\/wp\/v2\/product\/13163","targetHints":{"allow":["GET"]}}],"collection":[{"href":"https:\/\/innocentiemangonipiante.it\/fr\/wp-json\/wp\/v2\/product"}],"about":[{"href":"https:\/\/innocentiemangonipiante.it\/fr\/wp-json\/wp\/v2\/types\/product"}],"wp:featuredmedia":[{"embeddable":true,"href":"https:\/\/innocentiemangonipiante.it\/fr\/wp-json\/wp\/v2\/media\/4774"}],"wp:attachment":[{"href":"https:\/\/innocentiemangonipiante.it\/fr\/wp-json\/wp\/v2\/media?parent=13163"}],"wp:term":[{"taxonomy":"product_brand","embeddable":true,"href":"https:\/\/innocentiemangonipiante.it\/fr\/wp-json\/wp\/v2\/product_brand?post=13163"},{"taxonomy":"product_cat","embeddable":true,"href":"https:\/\/innocentiemangonipiante.it\/fr\/wp-json\/wp\/v2\/product_cat?post=13163"},{"taxonomy":"product_tag","embeddable":true,"href":"https:\/\/innocentiemangonipiante.it\/fr\/wp-json\/wp\/v2\/product_tag?post=13163"}],"curies":[{"name":"wp","href":"https:\/\/api.w.org\/{rel}","templated":true}]}}