{"id":13164,"date":"2023-11-04T02:28:29","date_gmt":"2023-11-04T01:28:29","guid":{"rendered":"http:\/\/innocentiemangonipiante.it\/polygonum-baldschuanicum\/"},"modified":"2023-11-06T15:37:59","modified_gmt":"2023-11-06T14:37:59","slug":"polygonum-baldschuanicum","status":"publish","type":"product","link":"https:\/\/innocentiemangonipiante.it\/fr\/polygonum-baldschuanicum\/","title":{"rendered":"POLYGONUM baldschuanicum"},"content":{"rendered":"<p>Arbuste grimpant, aux feuilles caduques, \u00e0 la croissance tr\u00e8s rapide. De l\u2019\u00e9t\u00e9 \u00e0 l\u2019automne, il porte des fleurs blanches regroup\u00e9es en cymes pendantes.<\/p>\n","protected":false},"excerpt":{"rendered":"<p>Arbuste grimpant, aux feuilles caduques, \u00e0 la croissance tr\u00e8s rapide. De l\u2019\u00e9t\u00e9 \u00e0 l\u2019automne, il porte des fleurs blanches regroup\u00e9es en cymes pendantes.<\/p>\n","protected":false},"featured_media":4780,"template":"","meta":{"_acf_changed":false},"product_brand":[],"product_cat":[8836],"product_tag":[10897],"class_list":{"0":"post-13164","1":"product","2":"type-product","3":"status-publish","4":"has-post-thumbnail","6":"product_cat-lianes","7":"product_tag-naturelle","8":"pa_altezza-massima-800-fr","9":"pa_altezza-massima-12-metres","10":"pa_colore-fioritura-blanc","11":"pa_condizionamento-clt-fr","12":"pa_famiglia-polygonaceae-fr","13":"pa_genere-polygonum-fr","14":"pa_origine-asie","15":"pa_periodo-fioritura-aout","16":"pa_periodo-fioritura-juillet","17":"pa_periodo-fioritura-septembre","18":"pa_portamento-liane","19":"pa_resistenza-climatica-tres-elevee","20":"pa_resistenza-del-suolo-resistant-aux-sols-calcaires","21":"pa_salinita-resistance-a-la-salinisation","22":"pa_utilizzo-parcs","23":"pa_utilizzo-petits-jardins","25":"first","26":"instock","27":"purchasable","28":"product-type-simple"},"acf":[],"_links":{"self":[{"href":"https:\/\/innocentiemangonipiante.it\/fr\/wp-json\/wp\/v2\/product\/13164","targetHints":{"allow":["GET"]}}],"collection":[{"href":"https:\/\/innocentiemangonipiante.it\/fr\/wp-json\/wp\/v2\/product"}],"about":[{"href":"https:\/\/innocentiemangonipiante.it\/fr\/wp-json\/wp\/v2\/types\/product"}],"wp:featuredmedia":[{"embeddable":true,"href":"https:\/\/innocentiemangonipiante.it\/fr\/wp-json\/wp\/v2\/media\/4780"}],"wp:attachment":[{"href":"https:\/\/innocentiemangonipiante.it\/fr\/wp-json\/wp\/v2\/media?parent=13164"}],"wp:term":[{"taxonomy":"product_brand","embeddable":true,"href":"https:\/\/innocentiemangonipiante.it\/fr\/wp-json\/wp\/v2\/product_brand?post=13164"},{"taxonomy":"product_cat","embeddable":true,"href":"https:\/\/innocentiemangonipiante.it\/fr\/wp-json\/wp\/v2\/product_cat?post=13164"},{"taxonomy":"product_tag","embeddable":true,"href":"https:\/\/innocentiemangonipiante.it\/fr\/wp-json\/wp\/v2\/product_tag?post=13164"}],"curies":[{"name":"wp","href":"https:\/\/api.w.org\/{rel}","templated":true}]}}