{"id":13166,"date":"2023-11-04T02:28:50","date_gmt":"2023-11-04T01:28:50","guid":{"rendered":"http:\/\/innocentiemangonipiante.it\/poncirus-trifoliata\/"},"modified":"2023-11-06T15:38:07","modified_gmt":"2023-11-06T14:38:07","slug":"poncirus-trifoliata","status":"publish","type":"product","link":"https:\/\/innocentiemangonipiante.it\/fr\/poncirus-trifoliata\/","title":{"rendered":"PONCIRUS trifoliata"},"content":{"rendered":"<p>Arbuste ou arbre caduc. Port arrondi, buissonneux avec branches rigides vertes qui portent \u00e9pines pointues. Feuilles vertes fonc\u00e9es tri palm\u00e9es avec trois petites feuilles obov\u00e9es. Fleur blanche parfum\u00e9e suivie par fruits de couleur orange de 4 cm. Couleur jaune \u00e0 l&rsquo;\u00e0utomne.<\/p>\n","protected":false},"excerpt":{"rendered":"<p>Arbuste ou arbre caduc. Port arrondi, buissonneux avec branches rigides vertes qui portent \u00e9pines pointues. Feuilles vertes fonc\u00e9es tri palm\u00e9es avec trois petites feuilles obov\u00e9es. Fleur blanche parfum\u00e9e suivie par fruits de couleur orange de 4 cm. Couleur jaune \u00e0 l&rsquo;\u00e0utomne.<\/p>\n","protected":false},"featured_media":4792,"template":"","meta":{"_acf_changed":false},"product_brand":[],"product_cat":[8812,9230],"product_tag":[10897],"class_list":{"0":"post-13166","1":"product","2":"type-product","3":"status-publish","4":"has-post-thumbnail","6":"product_cat-arbres-et-arbustes-a-feuilles-caduques","7":"product_cat-arbres-et-plantes-du-futur","8":"product_tag-naturelle","9":"pa_altezza-massima-300-fr-2","10":"pa_altezza-massima-500-fr","11":"pa_colore-fioritura-blanc","12":"pa_condizionamento-clt-fr","13":"pa_condizionamento-vs-fr","14":"pa_famiglia-rutaceae-fr","15":"pa_genere-poncirus-fr","16":"pa_origine-asie-orientale","17":"pa_periodo-fioritura-avril","18":"pa_periodo-fruttificazione-novembre-fr","19":"pa_portamento-arrondi","20":"pa_profumo-delicat","21":"pa_resistenza-climatica-tres-elevee","22":"pa_resistenza-del-suolo-resistant-aux-sols-secs","23":"pa_utilizzo-haies","24":"pa_utilizzo-petits-jardins","26":"first","27":"instock","28":"purchasable","29":"product-type-simple"},"acf":[],"_links":{"self":[{"href":"https:\/\/innocentiemangonipiante.it\/fr\/wp-json\/wp\/v2\/product\/13166","targetHints":{"allow":["GET"]}}],"collection":[{"href":"https:\/\/innocentiemangonipiante.it\/fr\/wp-json\/wp\/v2\/product"}],"about":[{"href":"https:\/\/innocentiemangonipiante.it\/fr\/wp-json\/wp\/v2\/types\/product"}],"wp:featuredmedia":[{"embeddable":true,"href":"https:\/\/innocentiemangonipiante.it\/fr\/wp-json\/wp\/v2\/media\/4792"}],"wp:attachment":[{"href":"https:\/\/innocentiemangonipiante.it\/fr\/wp-json\/wp\/v2\/media?parent=13166"}],"wp:term":[{"taxonomy":"product_brand","embeddable":true,"href":"https:\/\/innocentiemangonipiante.it\/fr\/wp-json\/wp\/v2\/product_brand?post=13166"},{"taxonomy":"product_cat","embeddable":true,"href":"https:\/\/innocentiemangonipiante.it\/fr\/wp-json\/wp\/v2\/product_cat?post=13166"},{"taxonomy":"product_tag","embeddable":true,"href":"https:\/\/innocentiemangonipiante.it\/fr\/wp-json\/wp\/v2\/product_tag?post=13166"}],"curies":[{"name":"wp","href":"https:\/\/api.w.org\/{rel}","templated":true}]}}