{"id":13168,"date":"2023-11-04T02:29:17","date_gmt":"2023-11-04T01:29:17","guid":{"rendered":"http:\/\/innocentiemangonipiante.it\/populus-tremula\/"},"modified":"2023-11-06T15:38:17","modified_gmt":"2023-11-06T14:38:17","slug":"populus-tremula","status":"publish","type":"product","link":"https:\/\/innocentiemangonipiante.it\/fr\/populus-tremula\/","title":{"rendered":"POPULUS tremula"},"content":{"rendered":"<p>Arbre caduc vigoureux avec port \u00e9largi et feuille de arrondie \u00e0 ov\u00e9e, dentel\u00e9e, de couleur vert fonc\u00e9, qui devient jaune \u00e0 l&rsquo;automne. Le feuillage tremble avec d\u00e9j\u00e0 un tout petit peu de brise.<\/p>\n","protected":false},"excerpt":{"rendered":"<p>Arbre caduc vigoureux avec port \u00e9largi et feuille de arrondie \u00e0 ov\u00e9e, dentel\u00e9e, de couleur vert fonc\u00e9, qui devient jaune \u00e0 l&rsquo;automne. Le feuillage tremble avec d\u00e9j\u00e0 un tout petit peu de brise.<\/p>\n","protected":false},"featured_media":4810,"template":"","meta":{"_acf_changed":false},"product_brand":[],"product_cat":[8812],"product_tag":[10897,8400],"class_list":{"0":"post-13168","1":"product","2":"type-product","3":"status-publish","4":"has-post-thumbnail","6":"product_cat-arbres-et-arbustes-a-feuilles-caduques","7":"product_tag-naturelle","8":"product_tag-tige","9":"pa_altezza-massima-15-metres","10":"pa_altezza-massima-20-metres","11":"pa_condizionamento-motte","12":"pa_famiglia-salicaceae-fr","13":"pa_genere-populus-fr","14":"pa_inquinamento-resistance-a-la-pollution","15":"pa_origine-europe-centrale","16":"pa_portamento-allargato-fr","17":"pa_resistenza-climatica-tres-elevee","18":"pa_resistenza-del-suolo-resistant-au-sol-humide","19":"pa_resistenza-del-suolo-resistant-aux-sols-calcaires","20":"pa_resistenza-del-suolo-resistant-aux-sols-secs","21":"pa_salinita-resistance-a-la-salinisation","22":"pa_utilizzo-parcs","24":"first","25":"instock","26":"purchasable","27":"product-type-simple"},"acf":[],"_links":{"self":[{"href":"https:\/\/innocentiemangonipiante.it\/fr\/wp-json\/wp\/v2\/product\/13168","targetHints":{"allow":["GET"]}}],"collection":[{"href":"https:\/\/innocentiemangonipiante.it\/fr\/wp-json\/wp\/v2\/product"}],"about":[{"href":"https:\/\/innocentiemangonipiante.it\/fr\/wp-json\/wp\/v2\/types\/product"}],"wp:featuredmedia":[{"embeddable":true,"href":"https:\/\/innocentiemangonipiante.it\/fr\/wp-json\/wp\/v2\/media\/4810"}],"wp:attachment":[{"href":"https:\/\/innocentiemangonipiante.it\/fr\/wp-json\/wp\/v2\/media?parent=13168"}],"wp:term":[{"taxonomy":"product_brand","embeddable":true,"href":"https:\/\/innocentiemangonipiante.it\/fr\/wp-json\/wp\/v2\/product_brand?post=13168"},{"taxonomy":"product_cat","embeddable":true,"href":"https:\/\/innocentiemangonipiante.it\/fr\/wp-json\/wp\/v2\/product_cat?post=13168"},{"taxonomy":"product_tag","embeddable":true,"href":"https:\/\/innocentiemangonipiante.it\/fr\/wp-json\/wp\/v2\/product_tag?post=13168"}],"curies":[{"name":"wp","href":"https:\/\/api.w.org\/{rel}","templated":true}]}}