{"id":13169,"date":"2023-11-04T02:29:10","date_gmt":"2023-11-04T01:29:10","guid":{"rendered":"http:\/\/innocentiemangonipiante.it\/populus-nigra-italica\/"},"modified":"2023-11-06T15:38:14","modified_gmt":"2023-11-06T14:38:14","slug":"populus-nigra-italica","status":"publish","type":"product","link":"https:\/\/innocentiemangonipiante.it\/fr\/populus-nigra-italica\/","title":{"rendered":"POPULUS nigra &lsquo;Italica&rsquo;"},"content":{"rendered":"<p>Arbre aux feuilles caduques \u00e0 la croissance tr\u00e8s rapide. L\u2019\u00e9corce est sombre, les feuilles de triangulaires \u00e0 ov\u00e9es, pointues, de couleur vert fonc\u00e9 virent au jaune en automne. S\u00e9lection au port \u00e9troitement colonnaire.<\/p>\n","protected":false},"excerpt":{"rendered":"<p>Arbre aux feuilles caduques \u00e0 la croissance tr\u00e8s rapide. L\u2019\u00e9corce est sombre, les feuilles de triangulaires \u00e0 ov\u00e9es, pointues, de couleur vert fonc\u00e9 virent au jaune en automne. S\u00e9lection au port \u00e9troitement colonnaire.<\/p>\n","protected":false},"featured_media":4804,"template":"","meta":{"_acf_changed":false},"product_brand":[],"product_cat":[8812],"product_tag":[10897,10900],"class_list":{"0":"post-13169","1":"product","2":"type-product","3":"status-publish","4":"has-post-thumbnail","6":"product_cat-arbres-et-arbustes-a-feuilles-caduques","7":"product_tag-naturelle","8":"product_tag-tbb-fr-2","9":"pa_altezza-massima-25-metres","10":"pa_altezza-massima-35-metres","11":"pa_condizionamento-clt-fr","12":"pa_condizionamento-motte","13":"pa_condizionamento-racines-nues","14":"pa_famiglia-salicaceae-fr","15":"pa_genere-populus-fr","16":"pa_origine-italie","17":"pa_portamento-de-colonne","18":"pa_resistenza-climatica-moyenne-elevee","19":"pa_resistenza-del-suolo-resistant-au-sol-humide","20":"pa_resistenza-del-suolo-resistant-aux-sols-calcaires","21":"pa_salinita-resistance-a-la-salinisation","22":"pa_utilizzo-parcs","24":"first","25":"instock","26":"purchasable","27":"product-type-simple"},"acf":[],"_links":{"self":[{"href":"https:\/\/innocentiemangonipiante.it\/fr\/wp-json\/wp\/v2\/product\/13169","targetHints":{"allow":["GET"]}}],"collection":[{"href":"https:\/\/innocentiemangonipiante.it\/fr\/wp-json\/wp\/v2\/product"}],"about":[{"href":"https:\/\/innocentiemangonipiante.it\/fr\/wp-json\/wp\/v2\/types\/product"}],"wp:featuredmedia":[{"embeddable":true,"href":"https:\/\/innocentiemangonipiante.it\/fr\/wp-json\/wp\/v2\/media\/4804"}],"wp:attachment":[{"href":"https:\/\/innocentiemangonipiante.it\/fr\/wp-json\/wp\/v2\/media?parent=13169"}],"wp:term":[{"taxonomy":"product_brand","embeddable":true,"href":"https:\/\/innocentiemangonipiante.it\/fr\/wp-json\/wp\/v2\/product_brand?post=13169"},{"taxonomy":"product_cat","embeddable":true,"href":"https:\/\/innocentiemangonipiante.it\/fr\/wp-json\/wp\/v2\/product_cat?post=13169"},{"taxonomy":"product_tag","embeddable":true,"href":"https:\/\/innocentiemangonipiante.it\/fr\/wp-json\/wp\/v2\/product_tag?post=13169"}],"curies":[{"name":"wp","href":"https:\/\/api.w.org\/{rel}","templated":true}]}}