{"id":13170,"date":"2023-11-04T02:28:57","date_gmt":"2023-11-04T01:28:57","guid":{"rendered":"http:\/\/innocentiemangonipiante.it\/populus-alba\/"},"modified":"2023-11-06T15:38:10","modified_gmt":"2023-11-06T14:38:10","slug":"populus-alba","status":"publish","type":"product","link":"https:\/\/innocentiemangonipiante.it\/fr\/populus-alba\/","title":{"rendered":"POPULUS alba"},"content":{"rendered":"<p>Arbre aux feuilles caduques au port ample et \u00e0 la croissance tr\u00e8s rapide. Les feuilles \u00e0 5 lobes au bord ondul\u00e9 et \u00e0 la forme presque arrondie sont de couleur vert fonc\u00e9 dessus et velout\u00e9es sur la face inf\u00e9rieure gr\u00e2ce aux petits poils blancs denses et fins qui s\u2019y d\u00e9veloppent.<\/p>\n","protected":false},"excerpt":{"rendered":"<p>Arbre aux feuilles caduques au port ample et \u00e0 la croissance tr\u00e8s rapide. Les feuilles \u00e0 5 lobes au bord ondul\u00e9 et \u00e0 la forme presque arrondie sont de couleur vert fonc\u00e9 dessus et velout\u00e9es sur la face inf\u00e9rieure gr\u00e2ce aux petits poils blancs denses et fins qui s\u2019y d\u00e9veloppent.<\/p>\n","protected":false},"featured_media":4798,"template":"","meta":{"_acf_changed":false},"product_brand":[],"product_cat":[8812],"product_tag":[10897,10900,8400],"class_list":{"0":"post-13170","1":"product","2":"type-product","3":"status-publish","4":"has-post-thumbnail","6":"product_cat-arbres-et-arbustes-a-feuilles-caduques","7":"product_tag-naturelle","8":"product_tag-tbb-fr-2","9":"product_tag-tige","10":"pa_altezza-massima-20-metres","11":"pa_altezza-massima-30-metres","12":"pa_condizionamento-clt-fr","13":"pa_condizionamento-motte","14":"pa_condizionamento-racines-nues","15":"pa_famiglia-salicaceae-fr","16":"pa_genere-populus-fr","17":"pa_inquinamento-resistance-a-la-pollution","18":"pa_origine-europe-mediterraneenne","19":"pa_portamento-allargato-fr","20":"pa_resistenza-climatica-tres-elevee","21":"pa_resistenza-del-suolo-resistant-au-sol-humide","22":"pa_resistenza-del-suolo-resistant-aux-sols-secs","23":"pa_salinita-resistance-a-la-salinisation","24":"pa_utilizzo-avenues-fr","25":"pa_utilizzo-parcs","27":"first","28":"instock","29":"purchasable","30":"product-type-simple"},"acf":[],"_links":{"self":[{"href":"https:\/\/innocentiemangonipiante.it\/fr\/wp-json\/wp\/v2\/product\/13170","targetHints":{"allow":["GET"]}}],"collection":[{"href":"https:\/\/innocentiemangonipiante.it\/fr\/wp-json\/wp\/v2\/product"}],"about":[{"href":"https:\/\/innocentiemangonipiante.it\/fr\/wp-json\/wp\/v2\/types\/product"}],"wp:featuredmedia":[{"embeddable":true,"href":"https:\/\/innocentiemangonipiante.it\/fr\/wp-json\/wp\/v2\/media\/4798"}],"wp:attachment":[{"href":"https:\/\/innocentiemangonipiante.it\/fr\/wp-json\/wp\/v2\/media?parent=13170"}],"wp:term":[{"taxonomy":"product_brand","embeddable":true,"href":"https:\/\/innocentiemangonipiante.it\/fr\/wp-json\/wp\/v2\/product_brand?post=13170"},{"taxonomy":"product_cat","embeddable":true,"href":"https:\/\/innocentiemangonipiante.it\/fr\/wp-json\/wp\/v2\/product_cat?post=13170"},{"taxonomy":"product_tag","embeddable":true,"href":"https:\/\/innocentiemangonipiante.it\/fr\/wp-json\/wp\/v2\/product_tag?post=13170"}],"curies":[{"name":"wp","href":"https:\/\/api.w.org\/{rel}","templated":true}]}}