{"id":13171,"date":"2023-11-04T02:29:44","date_gmt":"2023-11-04T01:29:44","guid":{"rendered":"http:\/\/innocentiemangonipiante.it\/pritchardia-robusta\/"},"modified":"2023-11-06T15:38:26","modified_gmt":"2023-11-06T14:38:26","slug":"pritchardia-robusta","status":"publish","type":"product","link":"https:\/\/innocentiemangonipiante.it\/fr\/pritchardia-robusta\/","title":{"rendered":"PRITCHARDIA robusta"},"content":{"rendered":"<p>Palmier de haute dimension \u00e0 croissance rapide et tronc fusel\u00e9 progressivement de la base \u00e0 la couronne. Les feuilles sont en forme d\u2019\u00e9ventail de couleur verte brillante et 1 mt longues, avec p\u00e9tioles dentel\u00e9s.<\/p>\n","protected":false},"excerpt":{"rendered":"<p>Palmier de haute dimension \u00e0 croissance rapide et tronc fusel\u00e9 progressivement de la base \u00e0 la couronne. Les feuilles sont en forme d\u2019\u00e9ventail de couleur verte brillante et 1 mt longues, avec p\u00e9tioles dentel\u00e9s.<\/p>\n","protected":false},"featured_media":4822,"template":"","meta":{"_acf_changed":false},"product_brand":[],"product_cat":[8833,9230],"product_tag":[10897,8596],"class_list":{"0":"post-13171","1":"product","2":"type-product","3":"status-publish","4":"has-post-thumbnail","6":"product_cat-palme-et-succulent","7":"product_cat-arbres-et-plantes-du-futur","8":"product_tag-naturelle","9":"product_tag-cepee","10":"pa_altezza-massima-20-metres","11":"pa_altezza-massima-30-metres","12":"pa_condizionamento-clt-fr","13":"pa_famiglia-arecaceae-fr","14":"pa_genere-pritchardia-fr","15":"pa_origine-mexique","16":"pa_portamento-eretto-fr","17":"pa_resistenza-climatica-tres-faible","18":"pa_resistenza-del-suolo-resistant-aux-sols-secs","19":"pa_salinita-resistance-a-la-salinisation","20":"pa_utilizzo-parcs","22":"first","23":"instock","24":"purchasable","25":"product-type-simple"},"acf":[],"_links":{"self":[{"href":"https:\/\/innocentiemangonipiante.it\/fr\/wp-json\/wp\/v2\/product\/13171","targetHints":{"allow":["GET"]}}],"collection":[{"href":"https:\/\/innocentiemangonipiante.it\/fr\/wp-json\/wp\/v2\/product"}],"about":[{"href":"https:\/\/innocentiemangonipiante.it\/fr\/wp-json\/wp\/v2\/types\/product"}],"wp:featuredmedia":[{"embeddable":true,"href":"https:\/\/innocentiemangonipiante.it\/fr\/wp-json\/wp\/v2\/media\/4822"}],"wp:attachment":[{"href":"https:\/\/innocentiemangonipiante.it\/fr\/wp-json\/wp\/v2\/media?parent=13171"}],"wp:term":[{"taxonomy":"product_brand","embeddable":true,"href":"https:\/\/innocentiemangonipiante.it\/fr\/wp-json\/wp\/v2\/product_brand?post=13171"},{"taxonomy":"product_cat","embeddable":true,"href":"https:\/\/innocentiemangonipiante.it\/fr\/wp-json\/wp\/v2\/product_cat?post=13171"},{"taxonomy":"product_tag","embeddable":true,"href":"https:\/\/innocentiemangonipiante.it\/fr\/wp-json\/wp\/v2\/product_tag?post=13171"}],"curies":[{"name":"wp","href":"https:\/\/api.w.org\/{rel}","templated":true}]}}