{"id":13172,"date":"2023-11-04T02:30:29","date_gmt":"2023-11-04T01:30:29","guid":{"rendered":"http:\/\/innocentiemangonipiante.it\/prunus-avium-plena\/"},"modified":"2023-11-06T15:38:48","modified_gmt":"2023-11-06T14:38:48","slug":"prunus-avium-plena","status":"publish","type":"product","link":"https:\/\/innocentiemangonipiante.it\/fr\/prunus-avium-plena\/","title":{"rendered":"PRUNUS avium &lsquo;Plena&rsquo;"},"content":{"rendered":"<p>Petit arbre \u00e0 feuilles caduques au port ample. L\u2019\u00e9corce marron pr\u00e9sente des striures rouge\u00e2tres. Les feuilles ov\u00e9es et oblongues, de couleur verte fonc\u00e9e, virent au rouge en automne. En avril-mai, il donne des fleurs doubles de couleur blanche d\u2019un diam\u00e8tre de 2-3 cm.<\/p>\n","protected":false},"excerpt":{"rendered":"<p>Petit arbre \u00e0 feuilles caduques au port ample. L\u2019\u00e9corce marron pr\u00e9sente des striures rouge\u00e2tres. Les feuilles ov\u00e9es et oblongues, de couleur verte fonc\u00e9e, virent au rouge en automne. En avril-mai, il donne des fleurs doubles de couleur blanche d\u2019un diam\u00e8tre de 2-3 cm.<\/p>\n","protected":false},"featured_media":23996,"template":"","meta":{"_acf_changed":false},"product_brand":[],"product_cat":[8812],"product_tag":[10897,8400],"class_list":{"0":"post-13172","1":"product","2":"type-product","3":"status-publish","4":"has-post-thumbnail","6":"product_cat-arbres-et-arbustes-a-feuilles-caduques","7":"product_tag-naturelle","8":"product_tag-tige","9":"pa_altezza-massima-600-fr","10":"pa_altezza-massima-12-metres","11":"pa_colore-fioritura-blanc","12":"pa_condizionamento-clt-fr","13":"pa_condizionamento-motte","14":"pa_famiglia-rosaceae-fr","15":"pa_genere-prunus-fr","16":"pa_inquinamento-resistance-a-la-pollution","17":"pa_origine-sud-de-leurope-fr","18":"pa_periodo-fioritura-avril","19":"pa_periodo-fioritura-mai","20":"pa_periodo-fruttificazione-juin","21":"pa_portamento-arrondi","22":"pa_profumo-delicat","23":"pa_resistenza-climatica-tres-elevee","24":"pa_resistenza-del-suolo-resistant-aux-sols-calcaires","25":"pa_salinita-resistance-a-la-salinisation","26":"pa_utilizzo-avenues-fr","27":"pa_utilizzo-parcs","29":"first","30":"instock","31":"purchasable","32":"product-type-simple"},"acf":[],"_links":{"self":[{"href":"https:\/\/innocentiemangonipiante.it\/fr\/wp-json\/wp\/v2\/product\/13172","targetHints":{"allow":["GET"]}}],"collection":[{"href":"https:\/\/innocentiemangonipiante.it\/fr\/wp-json\/wp\/v2\/product"}],"about":[{"href":"https:\/\/innocentiemangonipiante.it\/fr\/wp-json\/wp\/v2\/types\/product"}],"wp:featuredmedia":[{"embeddable":true,"href":"https:\/\/innocentiemangonipiante.it\/fr\/wp-json\/wp\/v2\/media\/23996"}],"wp:attachment":[{"href":"https:\/\/innocentiemangonipiante.it\/fr\/wp-json\/wp\/v2\/media?parent=13172"}],"wp:term":[{"taxonomy":"product_brand","embeddable":true,"href":"https:\/\/innocentiemangonipiante.it\/fr\/wp-json\/wp\/v2\/product_brand?post=13172"},{"taxonomy":"product_cat","embeddable":true,"href":"https:\/\/innocentiemangonipiante.it\/fr\/wp-json\/wp\/v2\/product_cat?post=13172"},{"taxonomy":"product_tag","embeddable":true,"href":"https:\/\/innocentiemangonipiante.it\/fr\/wp-json\/wp\/v2\/product_tag?post=13172"}],"curies":[{"name":"wp","href":"https:\/\/api.w.org\/{rel}","templated":true}]}}