{"id":13173,"date":"2023-11-04T02:30:22","date_gmt":"2023-11-04T01:30:22","guid":{"rendered":"http:\/\/innocentiemangonipiante.it\/prunus-avium\/"},"modified":"2023-11-06T15:38:44","modified_gmt":"2023-11-06T14:38:44","slug":"prunus-avium","status":"publish","type":"product","link":"https:\/\/innocentiemangonipiante.it\/fr\/prunus-avium\/","title":{"rendered":"PRUNUS avium"},"content":{"rendered":"<p>Arbre caduc au port \u00e9largi, avec \u00e9corce ray\u00e9e e rouge et feuilles ov\u00e9esoblongues, vertes fonc\u00e9es jusqu\u2019\u00e0 15 cm. Les nouvelles pousses sont bronz\u00e9es et la coloraison automnale est jaune, rouge. Vers la moiti\u00e9 du printemps il produit des fleurs blanches en coupe en formant des parasols, larges jusqu\u2019 3 cm, suivies par des fruits rouges d\u2019un cm de largeur.<\/p>\n","protected":false},"excerpt":{"rendered":"<p>Arbre caduc au port \u00e9largi, avec \u00e9corce ray\u00e9e e rouge et feuilles ov\u00e9esoblongues, vertes fonc\u00e9es jusqu\u2019\u00e0 15 cm. Les nouvelles pousses sont bronz\u00e9es et la coloraison automnale est jaune, rouge. Vers la moiti\u00e9 du printemps il produit des fleurs blanches en coupe en formant des parasols, larges jusqu\u2019 3 cm, suivies par des fruits rouges [&hellip;]<\/p>\n","protected":false},"featured_media":4852,"template":"","meta":{"_acf_changed":false},"product_brand":[],"product_cat":[8812],"product_tag":[10897,8596,8400],"class_list":{"0":"post-13173","1":"product","2":"type-product","3":"status-publish","4":"has-post-thumbnail","6":"product_cat-arbres-et-arbustes-a-feuilles-caduques","7":"product_tag-naturelle","8":"product_tag-cepee","9":"product_tag-tige","10":"pa_altezza-massima-15-metres","11":"pa_altezza-massima-20-metres","12":"pa_colore-fioritura-blanc","13":"pa_condizionamento-clt-fr","14":"pa_condizionamento-motte","15":"pa_famiglia-rosaceae-fr","16":"pa_genere-prunus-fr","17":"pa_inquinamento-resistance-a-la-pollution","18":"pa_origine-europe-mediterraneenne","19":"pa_periodo-fioritura-avril","20":"pa_periodo-fioritura-mars","21":"pa_periodo-fruttificazione-mai","22":"pa_portamento-arrondi","23":"pa_profumo-delicat","24":"pa_resistenza-climatica-tres-elevee","25":"pa_resistenza-del-suolo-resistant-aux-sols-calcaires","26":"pa_salinita-resistance-a-la-salinisation","27":"pa_utilizzo-parcs","29":"first","30":"instock","31":"purchasable","32":"product-type-simple"},"acf":[],"_links":{"self":[{"href":"https:\/\/innocentiemangonipiante.it\/fr\/wp-json\/wp\/v2\/product\/13173","targetHints":{"allow":["GET"]}}],"collection":[{"href":"https:\/\/innocentiemangonipiante.it\/fr\/wp-json\/wp\/v2\/product"}],"about":[{"href":"https:\/\/innocentiemangonipiante.it\/fr\/wp-json\/wp\/v2\/types\/product"}],"wp:featuredmedia":[{"embeddable":true,"href":"https:\/\/innocentiemangonipiante.it\/fr\/wp-json\/wp\/v2\/media\/4852"}],"wp:attachment":[{"href":"https:\/\/innocentiemangonipiante.it\/fr\/wp-json\/wp\/v2\/media?parent=13173"}],"wp:term":[{"taxonomy":"product_brand","embeddable":true,"href":"https:\/\/innocentiemangonipiante.it\/fr\/wp-json\/wp\/v2\/product_brand?post=13173"},{"taxonomy":"product_cat","embeddable":true,"href":"https:\/\/innocentiemangonipiante.it\/fr\/wp-json\/wp\/v2\/product_cat?post=13173"},{"taxonomy":"product_tag","embeddable":true,"href":"https:\/\/innocentiemangonipiante.it\/fr\/wp-json\/wp\/v2\/product_tag?post=13173"}],"curies":[{"name":"wp","href":"https:\/\/api.w.org\/{rel}","templated":true}]}}