{"id":13174,"date":"2023-11-04T02:29:52","date_gmt":"2023-11-04T01:29:52","guid":{"rendered":"http:\/\/innocentiemangonipiante.it\/prunus-accolade\/"},"modified":"2023-11-06T15:38:30","modified_gmt":"2023-11-06T14:38:30","slug":"prunus-accolade","status":"publish","type":"product","link":"https:\/\/innocentiemangonipiante.it\/fr\/prunus-accolade\/","title":{"rendered":"PRUNUS &lsquo;Accolade&rsquo;"},"content":{"rendered":"<p>Arbre \u00e0 feuilles caduques au port ample. Les feuilles sont oblongues, fusel\u00e9es, de couleur vert fonc\u00e9 et d\u2019une longueur de 10 cm. Au d\u00e9but du printemps, s\u2019\u00e9panouissent des trochets de 3 fleurs semi-doubles de couleur rose p\u00e2le de 3-4 cm de largeur.<\/p>\n","protected":false},"excerpt":{"rendered":"<p>Arbre \u00e0 feuilles caduques au port ample. Les feuilles sont oblongues, fusel\u00e9es, de couleur vert fonc\u00e9 et d\u2019une longueur de 10 cm. Au d\u00e9but du printemps, s\u2019\u00e9panouissent des trochets de 3 fleurs semi-doubles de couleur rose p\u00e2le de 3-4 cm de largeur.<\/p>\n","protected":false},"featured_media":4828,"template":"","meta":{"_acf_changed":false},"product_brand":[],"product_cat":[8812],"product_tag":[10897,8596,8400],"class_list":{"0":"post-13174","1":"product","2":"type-product","3":"status-publish","4":"has-post-thumbnail","6":"product_cat-arbres-et-arbustes-a-feuilles-caduques","7":"product_tag-naturelle","8":"product_tag-cepee","9":"product_tag-tige","10":"pa_altezza-massima-500-fr","11":"pa_altezza-massima-800-fr","12":"pa_colore-fioritura-rose","13":"pa_condizionamento-clt-fr","14":"pa_condizionamento-motte","15":"pa_famiglia-rosaceae-fr","16":"pa_genere-prunus-fr","17":"pa_inquinamento-resistance-a-la-pollution","18":"pa_origine-angleterre","19":"pa_periodo-fioritura-avril","20":"pa_periodo-fioritura-mars","21":"pa_periodo-fruttificazione-mai","22":"pa_portamento-arrondi","23":"pa_profumo-delicat","24":"pa_resistenza-climatica-tres-elevee","25":"pa_resistenza-del-suolo-resistant-aux-sols-calcaires","26":"pa_utilizzo-parcs","27":"pa_utilizzo-petits-jardins","29":"first","30":"instock","31":"purchasable","32":"product-type-simple"},"acf":[],"_links":{"self":[{"href":"https:\/\/innocentiemangonipiante.it\/fr\/wp-json\/wp\/v2\/product\/13174","targetHints":{"allow":["GET"]}}],"collection":[{"href":"https:\/\/innocentiemangonipiante.it\/fr\/wp-json\/wp\/v2\/product"}],"about":[{"href":"https:\/\/innocentiemangonipiante.it\/fr\/wp-json\/wp\/v2\/types\/product"}],"wp:featuredmedia":[{"embeddable":true,"href":"https:\/\/innocentiemangonipiante.it\/fr\/wp-json\/wp\/v2\/media\/4828"}],"wp:attachment":[{"href":"https:\/\/innocentiemangonipiante.it\/fr\/wp-json\/wp\/v2\/media?parent=13174"}],"wp:term":[{"taxonomy":"product_brand","embeddable":true,"href":"https:\/\/innocentiemangonipiante.it\/fr\/wp-json\/wp\/v2\/product_brand?post=13174"},{"taxonomy":"product_cat","embeddable":true,"href":"https:\/\/innocentiemangonipiante.it\/fr\/wp-json\/wp\/v2\/product_cat?post=13174"},{"taxonomy":"product_tag","embeddable":true,"href":"https:\/\/innocentiemangonipiante.it\/fr\/wp-json\/wp\/v2\/product_tag?post=13174"}],"curies":[{"name":"wp","href":"https:\/\/api.w.org\/{rel}","templated":true}]}}