{"id":13175,"date":"2023-11-04T02:35:50","date_gmt":"2023-11-04T01:35:50","guid":{"rendered":"http:\/\/innocentiemangonipiante.it\/prunus-x-yedoensis\/"},"modified":"2023-11-06T15:42:07","modified_gmt":"2023-11-06T14:42:07","slug":"prunus-x-yedoensis","status":"publish","type":"product","link":"https:\/\/innocentiemangonipiante.it\/fr\/prunus-x-yedoensis\/","title":{"rendered":"PRUNUS x &lsquo;Yedoensis&rsquo;"},"content":{"rendered":"<p>Petit arbre caduc \u00e0 port \u00e9tal\u00e9. Feuilles vertes fonc\u00e9es. Fleurs allant du blanc au rose pale au d\u00e9but du printemps.<\/p>\n","protected":false},"excerpt":{"rendered":"<p>Petit arbre caduc \u00e0 port \u00e9tal\u00e9. Feuilles vertes fonc\u00e9es. Fleurs allant du blanc au rose pale au d\u00e9but du printemps.<\/p>\n","protected":false},"featured_media":5025,"template":"","meta":{"_acf_changed":false},"product_brand":[],"product_cat":[8812],"product_tag":[10897,8596,8400],"class_list":{"0":"post-13175","1":"product","2":"type-product","3":"status-publish","4":"has-post-thumbnail","6":"product_cat-arbres-et-arbustes-a-feuilles-caduques","7":"product_tag-naturelle","8":"product_tag-cepee","9":"product_tag-tige","10":"pa_altezza-massima-500-fr","11":"pa_altezza-massima-800-fr","12":"pa_colore-fioritura-rose","13":"pa_condizionamento-clt-fr","14":"pa_condizionamento-motte","15":"pa_famiglia-rosaceae-fr","16":"pa_genere-prunus-fr","17":"pa_origine-japon","18":"pa_periodo-fioritura-avril","19":"pa_periodo-fioritura-mars","20":"pa_portamento-eretto-fr","21":"pa_resistenza-climatica-tres-elevee","22":"pa_resistenza-del-suolo-resistant-aux-sols-calcaires","23":"pa_utilizzo-parcs","25":"first","26":"instock","27":"purchasable","28":"product-type-simple"},"acf":[],"_links":{"self":[{"href":"https:\/\/innocentiemangonipiante.it\/fr\/wp-json\/wp\/v2\/product\/13175","targetHints":{"allow":["GET"]}}],"collection":[{"href":"https:\/\/innocentiemangonipiante.it\/fr\/wp-json\/wp\/v2\/product"}],"about":[{"href":"https:\/\/innocentiemangonipiante.it\/fr\/wp-json\/wp\/v2\/types\/product"}],"wp:featuredmedia":[{"embeddable":true,"href":"https:\/\/innocentiemangonipiante.it\/fr\/wp-json\/wp\/v2\/media\/5025"}],"wp:attachment":[{"href":"https:\/\/innocentiemangonipiante.it\/fr\/wp-json\/wp\/v2\/media?parent=13175"}],"wp:term":[{"taxonomy":"product_brand","embeddable":true,"href":"https:\/\/innocentiemangonipiante.it\/fr\/wp-json\/wp\/v2\/product_brand?post=13175"},{"taxonomy":"product_cat","embeddable":true,"href":"https:\/\/innocentiemangonipiante.it\/fr\/wp-json\/wp\/v2\/product_cat?post=13175"},{"taxonomy":"product_tag","embeddable":true,"href":"https:\/\/innocentiemangonipiante.it\/fr\/wp-json\/wp\/v2\/product_tag?post=13175"}],"curies":[{"name":"wp","href":"https:\/\/api.w.org\/{rel}","templated":true}]}}