{"id":13177,"date":"2023-11-04T02:35:31","date_gmt":"2023-11-04T01:35:31","guid":{"rendered":"http:\/\/innocentiemangonipiante.it\/prunus-subhirtella-pendula-rosea\/"},"modified":"2023-11-06T15:41:59","modified_gmt":"2023-11-06T14:41:59","slug":"prunus-subhirtella-pendula-rosea","status":"publish","type":"product","link":"https:\/\/innocentiemangonipiante.it\/fr\/prunus-subhirtella-pendula-rosea\/","title":{"rendered":"PRUNUS subhirtella &lsquo;Pendula Rosea&rsquo;"},"content":{"rendered":"<p>M\u00eames caracteristiques que la vari\u00e9t\u00e9 \u2018Pendula\u2019, mais avec fleurs roses.<\/p>\n","protected":false},"excerpt":{"rendered":"<p>M\u00eames caracteristiques que la vari\u00e9t\u00e9 \u2018Pendula\u2019, mais avec fleurs roses.<\/p>\n","protected":false},"featured_media":5006,"template":"","meta":{"_acf_changed":false},"product_brand":[],"product_cat":[8812],"product_tag":[10897,6255,10900,8400],"class_list":{"0":"post-13177","1":"product","2":"type-product","3":"status-publish","4":"has-post-thumbnail","6":"product_cat-arbres-et-arbustes-a-feuilles-caduques","7":"product_tag-naturelle","8":"product_tag-demi-tige","9":"product_tag-tbb-fr-2","10":"product_tag-tige","11":"pa_altezza-massima-300-fr-2","12":"pa_altezza-massima-400-fr","13":"pa_colore-fioritura-rose","14":"pa_condizionamento-clt-fr","15":"pa_condizionamento-motte","16":"pa_famiglia-rosaceae-fr","17":"pa_genere-prunus-fr","18":"pa_origine-asie-orientale","19":"pa_periodo-fioritura-avril","20":"pa_portamento-pleureur","21":"pa_resistenza-climatica-tres-elevee","22":"pa_resistenza-del-suolo-resistant-aux-sols-calcaires","23":"pa_utilizzo-parcs","24":"pa_utilizzo-petits-jardins","26":"first","27":"instock","28":"purchasable","29":"product-type-simple"},"acf":[],"_links":{"self":[{"href":"https:\/\/innocentiemangonipiante.it\/fr\/wp-json\/wp\/v2\/product\/13177","targetHints":{"allow":["GET"]}}],"collection":[{"href":"https:\/\/innocentiemangonipiante.it\/fr\/wp-json\/wp\/v2\/product"}],"about":[{"href":"https:\/\/innocentiemangonipiante.it\/fr\/wp-json\/wp\/v2\/types\/product"}],"wp:featuredmedia":[{"embeddable":true,"href":"https:\/\/innocentiemangonipiante.it\/fr\/wp-json\/wp\/v2\/media\/5006"}],"wp:attachment":[{"href":"https:\/\/innocentiemangonipiante.it\/fr\/wp-json\/wp\/v2\/media?parent=13177"}],"wp:term":[{"taxonomy":"product_brand","embeddable":true,"href":"https:\/\/innocentiemangonipiante.it\/fr\/wp-json\/wp\/v2\/product_brand?post=13177"},{"taxonomy":"product_cat","embeddable":true,"href":"https:\/\/innocentiemangonipiante.it\/fr\/wp-json\/wp\/v2\/product_cat?post=13177"},{"taxonomy":"product_tag","embeddable":true,"href":"https:\/\/innocentiemangonipiante.it\/fr\/wp-json\/wp\/v2\/product_tag?post=13177"}],"curies":[{"name":"wp","href":"https:\/\/api.w.org\/{rel}","templated":true}]}}