{"id":13180,"date":"2023-11-04T02:34:21","date_gmt":"2023-11-04T01:34:21","guid":{"rendered":"http:\/\/innocentiemangonipiante.it\/prunus-serrulata-kiku-shidare-sakura\/"},"modified":"2023-11-06T15:41:27","modified_gmt":"2023-11-06T14:41:27","slug":"prunus-serrulata-kiku-shidare-sakura","status":"publish","type":"product","link":"https:\/\/innocentiemangonipiante.it\/fr\/prunus-serrulata-kiku-shidare-sakura\/","title":{"rendered":"PRUNUS serrulata &lsquo;Kiku-Shidare-Sakura&rsquo;"},"content":{"rendered":"<p>Arbre \u00e0 feuille caduque au port retombant. Les feuilles, de 8 \u00e0 10 cm, de forme elliptique, sont d\u2019abord bronz\u00e9es puis vertes fonc\u00e9es. Fleurs roses, doubles, mesurant jusqu\u2019\u00e0 6 cm de diam\u00e8tre au d\u00e9but mai.<\/p>\n","protected":false},"excerpt":{"rendered":"<p>Arbre \u00e0 feuille caduque au port retombant. Les feuilles, de 8 \u00e0 10 cm, de forme elliptique, sont d\u2019abord bronz\u00e9es puis vertes fonc\u00e9es. Fleurs roses, doubles, mesurant jusqu\u2019\u00e0 6 cm de diam\u00e8tre au d\u00e9but mai.<\/p>\n","protected":false},"featured_media":4963,"template":"","meta":{"_acf_changed":false},"product_brand":[],"product_cat":[8812],"product_tag":[10897,6255,8400],"class_list":{"0":"post-13180","1":"product","2":"type-product","3":"status-publish","4":"has-post-thumbnail","6":"product_cat-arbres-et-arbustes-a-feuilles-caduques","7":"product_tag-naturelle","8":"product_tag-demi-tige","9":"product_tag-tige","10":"pa_altezza-massima-500-fr","11":"pa_altezza-massima-1000-fr-2","12":"pa_arte-topiaria-disponible-plante-en-forme","13":"pa_colore-fioritura-rose","14":"pa_condizionamento-clt-fr","15":"pa_condizionamento-motte","16":"pa_famiglia-rosaceae-fr","17":"pa_genere-prunus-fr","18":"pa_inquinamento-resistance-a-la-pollution","19":"pa_origine-asie-orientale","20":"pa_periodo-fioritura-mai","21":"pa_portamento-pleureur","22":"pa_resistenza-climatica-tres-elevee","23":"pa_resistenza-del-suolo-resistant-aux-sols-calcaires","24":"pa_utilizzo-parcs","25":"pa_utilizzo-petits-jardins","27":"first","28":"instock","29":"purchasable","30":"product-type-simple"},"acf":[],"_links":{"self":[{"href":"https:\/\/innocentiemangonipiante.it\/fr\/wp-json\/wp\/v2\/product\/13180","targetHints":{"allow":["GET"]}}],"collection":[{"href":"https:\/\/innocentiemangonipiante.it\/fr\/wp-json\/wp\/v2\/product"}],"about":[{"href":"https:\/\/innocentiemangonipiante.it\/fr\/wp-json\/wp\/v2\/types\/product"}],"wp:featuredmedia":[{"embeddable":true,"href":"https:\/\/innocentiemangonipiante.it\/fr\/wp-json\/wp\/v2\/media\/4963"}],"wp:attachment":[{"href":"https:\/\/innocentiemangonipiante.it\/fr\/wp-json\/wp\/v2\/media?parent=13180"}],"wp:term":[{"taxonomy":"product_brand","embeddable":true,"href":"https:\/\/innocentiemangonipiante.it\/fr\/wp-json\/wp\/v2\/product_brand?post=13180"},{"taxonomy":"product_cat","embeddable":true,"href":"https:\/\/innocentiemangonipiante.it\/fr\/wp-json\/wp\/v2\/product_cat?post=13180"},{"taxonomy":"product_tag","embeddable":true,"href":"https:\/\/innocentiemangonipiante.it\/fr\/wp-json\/wp\/v2\/product_tag?post=13180"}],"curies":[{"name":"wp","href":"https:\/\/api.w.org\/{rel}","templated":true}]}}